{"id":1040,"date":"2021-03-23T10:37:34","date_gmt":"2021-03-23T10:37:34","guid":{"rendered":"https:\/\/inestit.smartdemowp.com\/?page_id=1040"},"modified":"2026-04-24T06:03:57","modified_gmt":"2026-04-24T05:03:57","slug":"kontakt","status":"publish","type":"page","link":"https:\/\/nova.detektiv-biro.si\/index.php\/kontakt\/","title":{"rendered":"Kontakt"},"content":{"rendered":"\t\t<div data-elementor-type=\"wp-page\" data-elementor-id=\"1040\" class=\"elementor elementor-1040\" data-elementor-post-type=\"page\">\n\t\t\t\t\t\t<section class=\"elementor-section elementor-top-section elementor-element elementor-element-d3236c6 elementor-section-full_width elementor-section-height-default elementor-section-height-default\" data-id=\"d3236c6\" data-element_type=\"section\" data-e-type=\"section\">\n\t\t\t\t\t\t<div class=\"elementor-container elementor-column-gap-no\">\n\t\t\t\t\t<div class=\"elementor-column elementor-col-100 elementor-top-column elementor-element elementor-element-974db4f\" data-id=\"974db4f\" data-element_type=\"column\" data-e-type=\"column\">\n\t\t\t<div class=\"elementor-widget-wrap elementor-element-populated\">\n\t\t\t\t\t\t<div class=\"elementor-element elementor-element-7d5bfc7 elementor-widget elementor-widget-inestit_contact\" data-id=\"7d5bfc7\" data-element_type=\"widget\" data-e-type=\"widget\" data-widget_type=\"inestit_contact.default\">\n\t\t\t\t<div class=\"elementor-widget-container\">\n\t\t\t\t\t        <!-- contact-section -->\r\n        <section class=\"contact-section\">\r\n            <div class=\"auto-container\">\r\n                <figure class=\"image-box\">                        <img decoding=\"async\" src=\"https:\/\/nova.detektiv-biro.si\/wp-content\/uploads\/2021\/03\/contact-1.jpg\" alt=\"\">\r\n                                    <\/figure>\r\n                <div class=\"row clearfix\">\r\n                    <div class=\"col-lg-4 col-md-12 col-sm-12 info-column\">\r\n                        <div class=\"info-inner\">\r\n                            <div class=\"sec-title\">\r\n                                <h2>Sporo\u010dite nam<\/h2>\r\n                            <\/div>\r\n                            <div class=\"text\">\r\n                                <p>Kontakt<\/p>\r\n                            <\/div>\r\n                            <ul class=\"info clearfix\">\r\n                                 <li><i class=\"fas fa-phone\"><\/i><a href=\"tel:00386 (0)2 230 2200\">00386 (0)2 230 2200<\/a><\/li>\n <li><i class=\"fas fa-envelope\"><\/i><a href=\"mailto:detektiv.biro@siol.net\">detektiv.biro@siol.net<\/a><\/li>\n  <li><i class=\"fas fa-map-marker-alt\"><\/i>Miklav\u0161ka cesta 79, 2311 Ho\u010de<\/li>                            <\/ul>\r\n                            <ul class=\"social-links clearfix\">\r\n                                <li><a href=\"#_\"><i class=\"fab fa-twitter\"><\/i><\/a><\/li>\n  <li><a href=\"#_\"><i class=\"fab fa-facebook-square\"><\/i><\/a><\/li>\n <li><a href=\"#_\"><i class=\"fab fa-pinterest-p\"><\/i><\/a><\/li>\n<li><a href=\"#_\"><i class=\"fab fa-instagram\"><\/i><\/a><\/li>                            <\/ul>\r\n                        <\/div>\r\n                    <\/div>\r\n                    <div class=\"col-lg-8 col-md-12 col-sm-12 form-column\">\r\n                        <div class=\"form-inner\">\r\n                          \r\n                            \n<div class=\"wpcf7 no-js\" id=\"wpcf7-f2262-o1\" lang=\"sl-SI\" dir=\"ltr\" data-wpcf7-id=\"2262\">\n<div class=\"screen-reader-response\"><p role=\"status\" aria-live=\"polite\" aria-atomic=\"true\"><\/p> <ul><\/ul><\/div>\n<form action=\"\/index.php\/wp-json\/wp\/v2\/pages\/1040#wpcf7-f2262-o1\" method=\"post\" class=\"wpcf7-form init\" aria-label=\"Kontaktni obrazec\" novalidate=\"novalidate\" data-status=\"init\">\n<fieldset class=\"hidden-fields-container\"><input type=\"hidden\" name=\"_wpcf7\" value=\"2262\" \/><input type=\"hidden\" name=\"_wpcf7_version\" value=\"6.1.5\" \/><input type=\"hidden\" name=\"_wpcf7_locale\" value=\"sl_SI\" \/><input type=\"hidden\" name=\"_wpcf7_unit_tag\" value=\"wpcf7-f2262-o1\" \/><input type=\"hidden\" name=\"_wpcf7_container_post\" value=\"0\" \/><input type=\"hidden\" name=\"_wpcf7_posted_data_hash\" value=\"\" \/>\n<\/fieldset>\n<p><label> Va\u0161e ime<br \/>\n<span class=\"wpcf7-form-control-wrap\" data-name=\"your-name\"><input size=\"40\" maxlength=\"400\" class=\"wpcf7-form-control wpcf7-text wpcf7-validates-as-required\" aria-required=\"true\" aria-invalid=\"false\" value=\"\" type=\"text\" name=\"your-name\" \/><\/span> <\/label>\n<\/p>\n<p><label> Va\u0161a e-po\u0161ta<br \/>\n<span class=\"wpcf7-form-control-wrap\" data-name=\"your-email\"><input size=\"40\" maxlength=\"400\" class=\"wpcf7-form-control wpcf7-email wpcf7-validates-as-required wpcf7-text wpcf7-validates-as-email\" aria-required=\"true\" aria-invalid=\"false\" value=\"\" type=\"email\" name=\"your-email\" \/><\/span> <\/label>\n<\/p>\n<p><label> Zadeva<br \/>\n<span class=\"wpcf7-form-control-wrap\" data-name=\"your-subject\"><input size=\"40\" maxlength=\"400\" class=\"wpcf7-form-control wpcf7-text wpcf7-validates-as-required\" aria-required=\"true\" aria-invalid=\"false\" value=\"\" type=\"text\" name=\"your-subject\" \/><\/span> <\/label>\n<\/p>\n<p><label> Va\u0161e sporo\u010dilo (neobvezno)<br \/>\n<span class=\"wpcf7-form-control-wrap\" data-name=\"your-message\"><textarea cols=\"40\" rows=\"10\" maxlength=\"2000\" class=\"wpcf7-form-control wpcf7-textarea\" aria-invalid=\"false\" name=\"your-message\"><\/textarea><\/span> <\/label>\n<\/p>\n<p><input class=\"wpcf7-form-control wpcf7-submit has-spinner\" type=\"submit\" value=\"Po\u0161lji\" \/>\n<\/p><div class=\"wpcf7-response-output\" aria-hidden=\"true\"><\/div>\n<\/form>\n<\/div>\n                        <\/div>\r\n                    <\/div>\r\n                <\/div>\r\n            <\/div>\r\n        <\/section>\r\n        <!-- contact-section  end --> \t\t\t\t<\/div>\n\t\t\t\t<\/div>\n\t\t\t\t<div class=\"elementor-element elementor-element-a2cfd3a elementor-widget elementor-widget-google_maps\" data-id=\"a2cfd3a\" data-element_type=\"widget\" data-e-type=\"widget\" data-widget_type=\"google_maps.default\">\n\t\t\t\t\t\t\t<div class=\"elementor-custom-embed\">\n\t\t\t<iframe loading=\"lazy\"\n\t\t\t\t\tsrc=\"https:\/\/maps.google.com\/maps?q=Detektiv%20Biro&#038;t=m&#038;z=10&#038;output=embed&#038;iwloc=near\"\n\t\t\t\t\ttitle=\"Detektiv Biro\"\n\t\t\t\t\taria-label=\"Detektiv Biro\"\n\t\t\t><\/iframe>\n\t\t<\/div>\n\t\t\t\t\t\t<\/div>\n\t\t\t\t\t<\/div>\n\t\t<\/div>\n\t\t\t\t\t<\/div>\n\t\t<\/section>\n\t\t\t\t<\/div>\n\t\t","protected":false},"excerpt":{"rendered":"<p>Sporo\u010dite nam Kontakt 00386 (0)2 230 2200 detektiv.biro@siol.net Miklav\u0161ka cesta 79, 2311 Ho\u010de Va\u0161e ime Va\u0161a e-po\u0161ta Zadeva Va\u0161e sporo\u010dilo (neobvezno)<\/p>\n","protected":false},"author":1,"featured_media":660,"parent":0,"menu_order":0,"comment_status":"closed","ping_status":"closed","template":"","meta":{"footnotes":""},"class_list":["post-1040","page","type-page","status-publish","has-post-thumbnail","hentry"],"yoast_head":"<!-- This site is optimized with the Yoast SEO Premium plugin v27.1 (Yoast SEO v27.1.1) - https:\/\/yoast.com\/product\/yoast-seo-premium-wordpress\/ -->\r\n<title>Kontakt - nova.detektiv-biro.si<\/title>\r\n<meta name=\"description\" content=\"Kontakt, prosimo kontaktirajte Detektiv Biro, sporo\u010dite nam va\u0161e te\u017eave, da bomo lahko skupaj na\u0161li re\u0161itev. 100% diskretnost garantirana\" \/>\r\n<meta name=\"robots\" content=\"index, follow, max-snippet:-1, max-image-preview:large, max-video-preview:-1\" \/>\r\n<link rel=\"canonical\" href=\"https:\/\/nova.detektiv-biro.si\/index.php\/kontakt\/\" \/>\r\n<meta property=\"og:locale\" content=\"sl_SI\" \/>\r\n<meta property=\"og:type\" content=\"article\" \/>\r\n<meta property=\"og:title\" content=\"Kontakt\" \/>\r\n<meta property=\"og:description\" content=\"Kontakt, prosimo kontaktirajte Detektiv Biro, sporo\u010dite nam va\u0161e te\u017eave, da bomo lahko skupaj na\u0161li re\u0161itev. 100% diskretnost garantirana\" \/>\r\n<meta property=\"og:url\" content=\"https:\/\/nova.detektiv-biro.si\/index.php\/kontakt\/\" \/>\r\n<meta property=\"og:site_name\" content=\"nova.detektiv-biro.si\" \/>\r\n<meta property=\"article:modified_time\" content=\"2026-04-24T05:03:57+00:00\" \/>\r\n<meta property=\"og:image\" content=\"https:\/\/nova.detektiv-biro.si\/wp-content\/uploads\/2021\/03\/page-title.jpg\" \/>\r\n\t<meta property=\"og:image:width\" content=\"1894\" \/>\r\n\t<meta property=\"og:image:height\" content=\"441\" \/>\r\n\t<meta property=\"og:image:type\" content=\"image\/jpeg\" \/>\r\n<meta name=\"twitter:card\" content=\"summary_large_image\" \/>\r\n<meta name=\"twitter:label1\" content=\"Est. reading time\" \/>\n\t<meta name=\"twitter:data1\" content=\"1 minuta\" \/>\r\n<script type=\"application\/ld+json\" class=\"yoast-schema-graph\">{\"@context\":\"https:\/\/schema.org\",\"@graph\":[{\"@type\":\"WebPage\",\"@id\":\"https:\/\/nova.detektiv-biro.si\/index.php\/kontakt\/\",\"url\":\"https:\/\/nova.detektiv-biro.si\/index.php\/kontakt\/\",\"name\":\"Kontakt - nova.detektiv-biro.si\",\"isPartOf\":{\"@id\":\"https:\/\/nova.detektiv-biro.si\/#website\"},\"primaryImageOfPage\":{\"@id\":\"https:\/\/nova.detektiv-biro.si\/index.php\/kontakt\/#primaryimage\"},\"image\":{\"@id\":\"https:\/\/nova.detektiv-biro.si\/index.php\/kontakt\/#primaryimage\"},\"thumbnailUrl\":\"https:\/\/nova.detektiv-biro.si\/wp-content\/uploads\/2021\/03\/page-title.jpg\",\"datePublished\":\"2021-03-23T10:37:34+00:00\",\"dateModified\":\"2026-04-24T05:03:57+00:00\",\"description\":\"Kontakt, prosimo kontaktirajte Detektiv Biro, sporo\u010dite nam va\u0161e te\u017eave, da bomo lahko skupaj na\u0161li re\u0161itev. 100% diskretnost garantirana\",\"breadcrumb\":{\"@id\":\"https:\/\/nova.detektiv-biro.si\/index.php\/kontakt\/#breadcrumb\"},\"inLanguage\":\"sl-SI\",\"potentialAction\":[{\"@type\":\"ReadAction\",\"target\":[\"https:\/\/nova.detektiv-biro.si\/index.php\/kontakt\/\"]}]},{\"@type\":\"ImageObject\",\"inLanguage\":\"sl-SI\",\"@id\":\"https:\/\/nova.detektiv-biro.si\/index.php\/kontakt\/#primaryimage\",\"url\":\"https:\/\/nova.detektiv-biro.si\/wp-content\/uploads\/2021\/03\/page-title.jpg\",\"contentUrl\":\"https:\/\/nova.detektiv-biro.si\/wp-content\/uploads\/2021\/03\/page-title.jpg\",\"width\":1894,\"height\":441},{\"@type\":\"BreadcrumbList\",\"@id\":\"https:\/\/nova.detektiv-biro.si\/index.php\/kontakt\/#breadcrumb\",\"itemListElement\":[{\"@type\":\"ListItem\",\"position\":1,\"name\":\"Home\",\"item\":\"https:\/\/nova.detektiv-biro.si\/\"},{\"@type\":\"ListItem\",\"position\":2,\"name\":\"Kontakt\"}]},{\"@type\":\"WebSite\",\"@id\":\"https:\/\/nova.detektiv-biro.si\/#website\",\"url\":\"https:\/\/nova.detektiv-biro.si\/\",\"name\":\"nova.detektiv-biro.si\",\"description\":\"Naju\u010dinkovitej\u0161a detektivska agencija\",\"publisher\":{\"@id\":\"https:\/\/nova.detektiv-biro.si\/#organization\"},\"potentialAction\":[{\"@type\":\"SearchAction\",\"target\":{\"@type\":\"EntryPoint\",\"urlTemplate\":\"https:\/\/nova.detektiv-biro.si\/?s={search_term_string}\"},\"query-input\":{\"@type\":\"PropertyValueSpecification\",\"valueRequired\":true,\"valueName\":\"search_term_string\"}}],\"inLanguage\":\"sl-SI\"},{\"@type\":\"Organization\",\"@id\":\"https:\/\/nova.detektiv-biro.si\/#organization\",\"name\":\"nova.detektiv-biro.si\",\"url\":\"https:\/\/nova.detektiv-biro.si\/\",\"logo\":{\"@type\":\"ImageObject\",\"inLanguage\":\"sl-SI\",\"@id\":\"https:\/\/nova.detektiv-biro.si\/#\/schema\/logo\/image\/\",\"url\":\"https:\/\/nova.detektiv-biro.si\/wp-content\/uploads\/2026\/03\/Detektiv-Biro-_-logo.png\",\"contentUrl\":\"https:\/\/nova.detektiv-biro.si\/wp-content\/uploads\/2026\/03\/Detektiv-Biro-_-logo.png\",\"width\":500,\"height\":469,\"caption\":\"nova.detektiv-biro.si\"},\"image\":{\"@id\":\"https:\/\/nova.detektiv-biro.si\/#\/schema\/logo\/image\/\"}}]}<\/script>\r\n<!-- \/ Yoast SEO Premium plugin. -->","yoast_head_json":{"title":"Kontakt - nova.detektiv-biro.si","description":"Kontakt, prosimo kontaktirajte Detektiv Biro, sporo\u010dite nam va\u0161e te\u017eave, da bomo lahko skupaj na\u0161li re\u0161itev. 100% diskretnost garantirana","robots":{"index":"index","follow":"follow","max-snippet":"max-snippet:-1","max-image-preview":"max-image-preview:large","max-video-preview":"max-video-preview:-1"},"canonical":"https:\/\/nova.detektiv-biro.si\/index.php\/kontakt\/","og_locale":"sl_SI","og_type":"article","og_title":"Kontakt","og_description":"Kontakt, prosimo kontaktirajte Detektiv Biro, sporo\u010dite nam va\u0161e te\u017eave, da bomo lahko skupaj na\u0161li re\u0161itev. 100% diskretnost garantirana","og_url":"https:\/\/nova.detektiv-biro.si\/index.php\/kontakt\/","og_site_name":"nova.detektiv-biro.si","article_modified_time":"2026-04-24T05:03:57+00:00","og_image":[{"width":1894,"height":441,"url":"https:\/\/nova.detektiv-biro.si\/wp-content\/uploads\/2021\/03\/page-title.jpg","type":"image\/jpeg"}],"twitter_card":"summary_large_image","twitter_misc":{"Est. reading time":"1 minuta"},"schema":{"@context":"https:\/\/schema.org","@graph":[{"@type":"WebPage","@id":"https:\/\/nova.detektiv-biro.si\/index.php\/kontakt\/","url":"https:\/\/nova.detektiv-biro.si\/index.php\/kontakt\/","name":"Kontakt - nova.detektiv-biro.si","isPartOf":{"@id":"https:\/\/nova.detektiv-biro.si\/#website"},"primaryImageOfPage":{"@id":"https:\/\/nova.detektiv-biro.si\/index.php\/kontakt\/#primaryimage"},"image":{"@id":"https:\/\/nova.detektiv-biro.si\/index.php\/kontakt\/#primaryimage"},"thumbnailUrl":"https:\/\/nova.detektiv-biro.si\/wp-content\/uploads\/2021\/03\/page-title.jpg","datePublished":"2021-03-23T10:37:34+00:00","dateModified":"2026-04-24T05:03:57+00:00","description":"Kontakt, prosimo kontaktirajte Detektiv Biro, sporo\u010dite nam va\u0161e te\u017eave, da bomo lahko skupaj na\u0161li re\u0161itev. 100% diskretnost garantirana","breadcrumb":{"@id":"https:\/\/nova.detektiv-biro.si\/index.php\/kontakt\/#breadcrumb"},"inLanguage":"sl-SI","potentialAction":[{"@type":"ReadAction","target":["https:\/\/nova.detektiv-biro.si\/index.php\/kontakt\/"]}]},{"@type":"ImageObject","inLanguage":"sl-SI","@id":"https:\/\/nova.detektiv-biro.si\/index.php\/kontakt\/#primaryimage","url":"https:\/\/nova.detektiv-biro.si\/wp-content\/uploads\/2021\/03\/page-title.jpg","contentUrl":"https:\/\/nova.detektiv-biro.si\/wp-content\/uploads\/2021\/03\/page-title.jpg","width":1894,"height":441},{"@type":"BreadcrumbList","@id":"https:\/\/nova.detektiv-biro.si\/index.php\/kontakt\/#breadcrumb","itemListElement":[{"@type":"ListItem","position":1,"name":"Home","item":"https:\/\/nova.detektiv-biro.si\/"},{"@type":"ListItem","position":2,"name":"Kontakt"}]},{"@type":"WebSite","@id":"https:\/\/nova.detektiv-biro.si\/#website","url":"https:\/\/nova.detektiv-biro.si\/","name":"nova.detektiv-biro.si","description":"Naju\u010dinkovitej\u0161a detektivska agencija","publisher":{"@id":"https:\/\/nova.detektiv-biro.si\/#organization"},"potentialAction":[{"@type":"SearchAction","target":{"@type":"EntryPoint","urlTemplate":"https:\/\/nova.detektiv-biro.si\/?s={search_term_string}"},"query-input":{"@type":"PropertyValueSpecification","valueRequired":true,"valueName":"search_term_string"}}],"inLanguage":"sl-SI"},{"@type":"Organization","@id":"https:\/\/nova.detektiv-biro.si\/#organization","name":"nova.detektiv-biro.si","url":"https:\/\/nova.detektiv-biro.si\/","logo":{"@type":"ImageObject","inLanguage":"sl-SI","@id":"https:\/\/nova.detektiv-biro.si\/#\/schema\/logo\/image\/","url":"https:\/\/nova.detektiv-biro.si\/wp-content\/uploads\/2026\/03\/Detektiv-Biro-_-logo.png","contentUrl":"https:\/\/nova.detektiv-biro.si\/wp-content\/uploads\/2026\/03\/Detektiv-Biro-_-logo.png","width":500,"height":469,"caption":"nova.detektiv-biro.si"},"image":{"@id":"https:\/\/nova.detektiv-biro.si\/#\/schema\/logo\/image\/"}}]}},"_links":{"self":[{"href":"https:\/\/nova.detektiv-biro.si\/index.php\/wp-json\/wp\/v2\/pages\/1040","targetHints":{"allow":["GET"]}}],"collection":[{"href":"https:\/\/nova.detektiv-biro.si\/index.php\/wp-json\/wp\/v2\/pages"}],"about":[{"href":"https:\/\/nova.detektiv-biro.si\/index.php\/wp-json\/wp\/v2\/types\/page"}],"author":[{"embeddable":true,"href":"https:\/\/nova.detektiv-biro.si\/index.php\/wp-json\/wp\/v2\/users\/1"}],"replies":[{"embeddable":true,"href":"https:\/\/nova.detektiv-biro.si\/index.php\/wp-json\/wp\/v2\/comments?post=1040"}],"version-history":[{"count":46,"href":"https:\/\/nova.detektiv-biro.si\/index.php\/wp-json\/wp\/v2\/pages\/1040\/revisions"}],"predecessor-version":[{"id":3921,"href":"https:\/\/nova.detektiv-biro.si\/index.php\/wp-json\/wp\/v2\/pages\/1040\/revisions\/3921"}],"wp:featuredmedia":[{"embeddable":true,"href":"https:\/\/nova.detektiv-biro.si\/index.php\/wp-json\/wp\/v2\/media\/660"}],"wp:attachment":[{"href":"https:\/\/nova.detektiv-biro.si\/index.php\/wp-json\/wp\/v2\/media?parent=1040"}],"curies":[{"name":"wp","href":"https:\/\/api.w.org\/{rel}","templated":true}]}}