{"id":1089,"date":"2021-03-24T06:35:53","date_gmt":"2021-03-24T06:35:53","guid":{"rendered":"https:\/\/inestit.smartdemowp.com\/?page_id=1089"},"modified":"2026-04-24T12:12:48","modified_gmt":"2026-04-24T11:12:48","slug":"zaposlitev","status":"publish","type":"page","link":"https:\/\/nova.detektiv-biro.si\/index.php\/zaposlitev\/","title":{"rendered":"Zaposlitev"},"content":{"rendered":"\t\t<div data-elementor-type=\"wp-page\" data-elementor-id=\"1089\" class=\"elementor elementor-1089\" data-elementor-post-type=\"page\">\n\t\t\t\t\t\t<section class=\"elementor-section elementor-top-section elementor-element elementor-element-7cced38 elementor-section-full_width elementor-section-height-default elementor-section-height-default\" data-id=\"7cced38\" data-element_type=\"section\" data-e-type=\"section\">\n\t\t\t\t\t\t<div class=\"elementor-container elementor-column-gap-no\">\n\t\t\t\t\t<div class=\"elementor-column elementor-col-100 elementor-top-column elementor-element elementor-element-68e52c3\" data-id=\"68e52c3\" data-element_type=\"column\" data-e-type=\"column\">\n\t\t\t<div class=\"elementor-widget-wrap elementor-element-populated\">\n\t\t\t\t\t\t<div class=\"elementor-element elementor-element-702c8c5 elementor-widget elementor-widget-inestit_about3\" data-id=\"702c8c5\" data-element_type=\"widget\" data-e-type=\"widget\" data-widget_type=\"inestit_about3.default\">\n\t\t\t\t<div class=\"elementor-widget-container\">\n\t\t\t\t\t        <!-- about-style-three -->\r\n        <section class=\"about-style-three\">\r\n            <div class=\"auto-container\">\r\n                <div class=\"row clearfix\">\r\n                    <div class=\"col-lg-6 col-md-12 col-sm-12 image-column\">\r\n                        <div class=\"image_block_5\">\r\n                            <div class=\"image-box\">\r\n                                <figure class=\"image\"><img fetchpriority=\"high\" decoding=\"async\" width=\"620\" height=\"635\" src=\"https:\/\/nova.detektiv-biro.si\/wp-content\/uploads\/2026\/03\/Detektiv-Biro-It-4.png\" class=\"attachment-full size-full\" alt=\"\" \/>                                <\/figure>\r\n                            <\/div>\r\n                        <\/div>\r\n                    <\/div>\r\n\r\n                    <div class=\"col-lg-6 col-md-12 col-sm-12 content-column\">\r\n                        <div class=\"content_block_8\">\r\n                            <div class=\"content-box\">\r\n                                <div class=\"sec-title\">\r\n                                    <h2>Mo\u017enosti sodelovanja z detektivsko agencijo<\/h2>\r\n                                <\/div>\r\n                                <div class=\"text\">\r\n                                    <p>Predvsem mlaj\u0161im imetnikom detektivskih licenc ponujamo pogodbeno sodelovanje z na\u0161o detektivsko agencijo, pogodbeno sodelovanje pa bo s posamezniki mogo\u010de nadgraditi v obliki rednega delovnega razmerja.\n\nSmo tudi ena izmed redkih detektivskih agencij, ki kandidatom za detektive ponuja mo\u017enost opravljanja prakse.\n\n\u010ce vas zanima katera izmed mo\u017enosti sodelovanja, vas prosimo, da na na\u0161 elektronski naslov posredujete kontaktne podatke in kratek \u017eivljenjepis.\n\nPonudbe z dokazili o izpolnjevanju zahtevanih pogojev po\u0161ljite na elektronski naslov info@detektiv.biro<\/p>\r\n                                <\/div>\r\n                                <div class=\"inner-box\">\r\n                                    <ul class=\"list-item clearfix\">\r\n                                        <li>redno ali ob\u010dasno delovno razmerje<\/li>\n\n   <li>detektivska praksa<\/li>\n                                    <\/ul>\r\n                                    <div class=\"inner\">\r\n                                        <div class=\"icon-box\"><\/div>\r\n                                        <h3>Pridru\u017eite se detektivski agenciji <span>Detektiv Biro<\/span> <\/h3>\r\n                                    <\/div>\r\n                                <\/div>\r\n                            <\/div>\r\n                        <\/div>\r\n                    <\/div>\r\n\r\n\r\n                <\/div>\r\n            <\/div>\r\n        <\/section>\r\n        <!-- about-style-three --> \t\t\t\t<\/div>\n\t\t\t\t<\/div>\n\t\t\t\t<div class=\"elementor-element elementor-element-6b5fea2 elementor-widget elementor-widget-spacer\" data-id=\"6b5fea2\" data-element_type=\"widget\" data-e-type=\"widget\" data-widget_type=\"spacer.default\">\n\t\t\t\t\t\t\t<div class=\"elementor-spacer\">\n\t\t\t<div class=\"elementor-spacer-inner\"><\/div>\n\t\t<\/div>\n\t\t\t\t\t\t<\/div>\n\t\t\t\t\t<\/div>\n\t\t<\/div>\n\t\t\t\t\t<\/div>\n\t\t<\/section>\n\t\t<div class=\"elementor-element elementor-element-8ee2ed4 e-flex e-con-boxed e-con e-parent\" data-id=\"8ee2ed4\" data-element_type=\"container\" data-e-type=\"container\">\n\t\t\t\t\t<div class=\"e-con-inner\">\n\t\t\t\t<div class=\"elementor-element elementor-element-92f3b64 elementor-widget elementor-widget-inestit_call_to_action\" data-id=\"92f3b64\" data-element_type=\"widget\" data-e-type=\"widget\" data-widget_type=\"inestit_call_to_action.default\">\n\t\t\t\t<div class=\"elementor-widget-container\">\n\t\t\t\t\t            <section class=\"cta-section bg-color-3\">\r\n                <div class=\"auto-container\">\r\n                    <div class=\"inner-box clearfix\">\r\n                        <figure class=\"icon-box\">\r\n                            <img decoding=\"async\" width=\"157\" height=\"220\" src=\"https:\/\/nova.detektiv-biro.si\/wp-content\/uploads\/2021\/03\/icon-3.png\" class=\"attachment-full size-full\" alt=\"\" \/>                        <\/figure>\r\n                        <div class=\"text pull-left\">\r\n                            <h2 class=\"cta-title-text\"><p>Vas zanima delo v detektivski agenciji?<\/p>Preiskusite se kot detektiv in morda postanete del na\u0161e ekipe.<\/h2>\r\n                        <\/div>\r\n                        <div class=\"btn-box pull-right\">\r\n                            <a href=\"https:\/\/inestit.smartdemowp.com\/kontakt\/\"  >Kontaktirajte nas<\/a>\r\n                        <\/div>\r\n                    <\/div>\r\n                <\/div>\r\n            <\/section>\r\n        \t\t\t\t<\/div>\n\t\t\t\t<\/div>\n\t\t\t\t\t<\/div>\n\t\t\t\t<\/div>\n\t\t\t\t<\/div>\n\t\t","protected":false},"excerpt":{"rendered":"<p>Mo\u017enosti sodelovanja z detektivsko agencijo Predvsem mlaj\u0161im imetnikom detektivskih licenc ponujamo pogodbeno sodelovanje z na\u0161o detektivsko agencijo, pogodbeno sodelovanje pa bo s posamezniki mogo\u010de nadgraditi v obliki rednega delovnega razmerja. Smo tudi ena izmed redkih detektivskih agencij, ki kandidatom za detektive ponuja mo\u017enost opravljanja prakse. \u010ce vas zanima katera izmed mo\u017enosti sodelovanja, vas prosimo, da [&hellip;]<\/p>\n","protected":false},"author":1,"featured_media":660,"parent":0,"menu_order":0,"comment_status":"closed","ping_status":"closed","template":"elementor_header_footer","meta":{"footnotes":""},"class_list":["post-1089","page","type-page","status-publish","has-post-thumbnail","hentry"],"yoast_head":"<!-- This site is optimized with the Yoast SEO Premium plugin v27.1 (Yoast SEO v27.1.1) - https:\/\/yoast.com\/product\/yoast-seo-premium-wordpress\/ -->\r\n<title>Zaposlitev - nova.detektiv-biro.si<\/title>\r\n<meta name=\"description\" content=\"Zaposlitev: licenciranim detektivom ponujamo pogodbeno sodelovanje z na\u0161o detektivsko agencijo (mo\u017eno redno delovno razmerje)\" \/>\r\n<meta name=\"robots\" content=\"index, follow, max-snippet:-1, max-image-preview:large, max-video-preview:-1\" \/>\r\n<link rel=\"canonical\" href=\"https:\/\/nova.detektiv-biro.si\/index.php\/zaposlitev\/\" \/>\r\n<meta property=\"og:locale\" content=\"sl_SI\" \/>\r\n<meta property=\"og:type\" content=\"article\" \/>\r\n<meta property=\"og:title\" content=\"Zaposlitev\" \/>\r\n<meta property=\"og:description\" content=\"Zaposlitev: licenciranim detektivom ponujamo pogodbeno sodelovanje z na\u0161o detektivsko agencijo (mo\u017eno redno delovno razmerje)\" \/>\r\n<meta property=\"og:url\" content=\"https:\/\/nova.detektiv-biro.si\/index.php\/zaposlitev\/\" \/>\r\n<meta property=\"og:site_name\" content=\"nova.detektiv-biro.si\" \/>\r\n<meta property=\"article:modified_time\" content=\"2026-04-24T11:12:48+00:00\" \/>\r\n<meta property=\"og:image\" content=\"https:\/\/nova.detektiv-biro.si\/wp-content\/uploads\/2021\/03\/page-title.jpg\" \/>\r\n\t<meta property=\"og:image:width\" content=\"1894\" \/>\r\n\t<meta property=\"og:image:height\" content=\"441\" \/>\r\n\t<meta property=\"og:image:type\" content=\"image\/jpeg\" \/>\r\n<meta name=\"twitter:card\" content=\"summary_large_image\" \/>\r\n<meta name=\"twitter:label1\" content=\"Est. reading time\" \/>\n\t<meta name=\"twitter:data1\" content=\"1 minuta\" \/>\r\n<script type=\"application\/ld+json\" class=\"yoast-schema-graph\">{\"@context\":\"https:\/\/schema.org\",\"@graph\":[{\"@type\":\"WebPage\",\"@id\":\"https:\/\/nova.detektiv-biro.si\/index.php\/zaposlitev\/\",\"url\":\"https:\/\/nova.detektiv-biro.si\/index.php\/zaposlitev\/\",\"name\":\"Zaposlitev - nova.detektiv-biro.si\",\"isPartOf\":{\"@id\":\"https:\/\/nova.detektiv-biro.si\/#website\"},\"primaryImageOfPage\":{\"@id\":\"https:\/\/nova.detektiv-biro.si\/index.php\/zaposlitev\/#primaryimage\"},\"image\":{\"@id\":\"https:\/\/nova.detektiv-biro.si\/index.php\/zaposlitev\/#primaryimage\"},\"thumbnailUrl\":\"https:\/\/nova.detektiv-biro.si\/wp-content\/uploads\/2021\/03\/page-title.jpg\",\"datePublished\":\"2021-03-24T06:35:53+00:00\",\"dateModified\":\"2026-04-24T11:12:48+00:00\",\"description\":\"Zaposlitev: licenciranim detektivom ponujamo pogodbeno sodelovanje z na\u0161o detektivsko agencijo (mo\u017eno redno delovno razmerje)\",\"breadcrumb\":{\"@id\":\"https:\/\/nova.detektiv-biro.si\/index.php\/zaposlitev\/#breadcrumb\"},\"inLanguage\":\"sl-SI\",\"potentialAction\":[{\"@type\":\"ReadAction\",\"target\":[\"https:\/\/nova.detektiv-biro.si\/index.php\/zaposlitev\/\"]}]},{\"@type\":\"ImageObject\",\"inLanguage\":\"sl-SI\",\"@id\":\"https:\/\/nova.detektiv-biro.si\/index.php\/zaposlitev\/#primaryimage\",\"url\":\"https:\/\/nova.detektiv-biro.si\/wp-content\/uploads\/2021\/03\/page-title.jpg\",\"contentUrl\":\"https:\/\/nova.detektiv-biro.si\/wp-content\/uploads\/2021\/03\/page-title.jpg\",\"width\":1894,\"height\":441},{\"@type\":\"BreadcrumbList\",\"@id\":\"https:\/\/nova.detektiv-biro.si\/index.php\/zaposlitev\/#breadcrumb\",\"itemListElement\":[{\"@type\":\"ListItem\",\"position\":1,\"name\":\"Home\",\"item\":\"https:\/\/nova.detektiv-biro.si\/\"},{\"@type\":\"ListItem\",\"position\":2,\"name\":\"Zaposlitev\"}]},{\"@type\":\"WebSite\",\"@id\":\"https:\/\/nova.detektiv-biro.si\/#website\",\"url\":\"https:\/\/nova.detektiv-biro.si\/\",\"name\":\"nova.detektiv-biro.si\",\"description\":\"Naju\u010dinkovitej\u0161a detektivska agencija\",\"publisher\":{\"@id\":\"https:\/\/nova.detektiv-biro.si\/#organization\"},\"potentialAction\":[{\"@type\":\"SearchAction\",\"target\":{\"@type\":\"EntryPoint\",\"urlTemplate\":\"https:\/\/nova.detektiv-biro.si\/?s={search_term_string}\"},\"query-input\":{\"@type\":\"PropertyValueSpecification\",\"valueRequired\":true,\"valueName\":\"search_term_string\"}}],\"inLanguage\":\"sl-SI\"},{\"@type\":\"Organization\",\"@id\":\"https:\/\/nova.detektiv-biro.si\/#organization\",\"name\":\"nova.detektiv-biro.si\",\"url\":\"https:\/\/nova.detektiv-biro.si\/\",\"logo\":{\"@type\":\"ImageObject\",\"inLanguage\":\"sl-SI\",\"@id\":\"https:\/\/nova.detektiv-biro.si\/#\/schema\/logo\/image\/\",\"url\":\"https:\/\/nova.detektiv-biro.si\/wp-content\/uploads\/2026\/03\/Detektiv-Biro-_-logo.png\",\"contentUrl\":\"https:\/\/nova.detektiv-biro.si\/wp-content\/uploads\/2026\/03\/Detektiv-Biro-_-logo.png\",\"width\":500,\"height\":469,\"caption\":\"nova.detektiv-biro.si\"},\"image\":{\"@id\":\"https:\/\/nova.detektiv-biro.si\/#\/schema\/logo\/image\/\"}}]}<\/script>\r\n<!-- \/ Yoast SEO Premium plugin. -->","yoast_head_json":{"title":"Zaposlitev - nova.detektiv-biro.si","description":"Zaposlitev: licenciranim detektivom ponujamo pogodbeno sodelovanje z na\u0161o detektivsko agencijo (mo\u017eno redno delovno razmerje)","robots":{"index":"index","follow":"follow","max-snippet":"max-snippet:-1","max-image-preview":"max-image-preview:large","max-video-preview":"max-video-preview:-1"},"canonical":"https:\/\/nova.detektiv-biro.si\/index.php\/zaposlitev\/","og_locale":"sl_SI","og_type":"article","og_title":"Zaposlitev","og_description":"Zaposlitev: licenciranim detektivom ponujamo pogodbeno sodelovanje z na\u0161o detektivsko agencijo (mo\u017eno redno delovno razmerje)","og_url":"https:\/\/nova.detektiv-biro.si\/index.php\/zaposlitev\/","og_site_name":"nova.detektiv-biro.si","article_modified_time":"2026-04-24T11:12:48+00:00","og_image":[{"width":1894,"height":441,"url":"https:\/\/nova.detektiv-biro.si\/wp-content\/uploads\/2021\/03\/page-title.jpg","type":"image\/jpeg"}],"twitter_card":"summary_large_image","twitter_misc":{"Est. reading time":"1 minuta"},"schema":{"@context":"https:\/\/schema.org","@graph":[{"@type":"WebPage","@id":"https:\/\/nova.detektiv-biro.si\/index.php\/zaposlitev\/","url":"https:\/\/nova.detektiv-biro.si\/index.php\/zaposlitev\/","name":"Zaposlitev - nova.detektiv-biro.si","isPartOf":{"@id":"https:\/\/nova.detektiv-biro.si\/#website"},"primaryImageOfPage":{"@id":"https:\/\/nova.detektiv-biro.si\/index.php\/zaposlitev\/#primaryimage"},"image":{"@id":"https:\/\/nova.detektiv-biro.si\/index.php\/zaposlitev\/#primaryimage"},"thumbnailUrl":"https:\/\/nova.detektiv-biro.si\/wp-content\/uploads\/2021\/03\/page-title.jpg","datePublished":"2021-03-24T06:35:53+00:00","dateModified":"2026-04-24T11:12:48+00:00","description":"Zaposlitev: licenciranim detektivom ponujamo pogodbeno sodelovanje z na\u0161o detektivsko agencijo (mo\u017eno redno delovno razmerje)","breadcrumb":{"@id":"https:\/\/nova.detektiv-biro.si\/index.php\/zaposlitev\/#breadcrumb"},"inLanguage":"sl-SI","potentialAction":[{"@type":"ReadAction","target":["https:\/\/nova.detektiv-biro.si\/index.php\/zaposlitev\/"]}]},{"@type":"ImageObject","inLanguage":"sl-SI","@id":"https:\/\/nova.detektiv-biro.si\/index.php\/zaposlitev\/#primaryimage","url":"https:\/\/nova.detektiv-biro.si\/wp-content\/uploads\/2021\/03\/page-title.jpg","contentUrl":"https:\/\/nova.detektiv-biro.si\/wp-content\/uploads\/2021\/03\/page-title.jpg","width":1894,"height":441},{"@type":"BreadcrumbList","@id":"https:\/\/nova.detektiv-biro.si\/index.php\/zaposlitev\/#breadcrumb","itemListElement":[{"@type":"ListItem","position":1,"name":"Home","item":"https:\/\/nova.detektiv-biro.si\/"},{"@type":"ListItem","position":2,"name":"Zaposlitev"}]},{"@type":"WebSite","@id":"https:\/\/nova.detektiv-biro.si\/#website","url":"https:\/\/nova.detektiv-biro.si\/","name":"nova.detektiv-biro.si","description":"Naju\u010dinkovitej\u0161a detektivska agencija","publisher":{"@id":"https:\/\/nova.detektiv-biro.si\/#organization"},"potentialAction":[{"@type":"SearchAction","target":{"@type":"EntryPoint","urlTemplate":"https:\/\/nova.detektiv-biro.si\/?s={search_term_string}"},"query-input":{"@type":"PropertyValueSpecification","valueRequired":true,"valueName":"search_term_string"}}],"inLanguage":"sl-SI"},{"@type":"Organization","@id":"https:\/\/nova.detektiv-biro.si\/#organization","name":"nova.detektiv-biro.si","url":"https:\/\/nova.detektiv-biro.si\/","logo":{"@type":"ImageObject","inLanguage":"sl-SI","@id":"https:\/\/nova.detektiv-biro.si\/#\/schema\/logo\/image\/","url":"https:\/\/nova.detektiv-biro.si\/wp-content\/uploads\/2026\/03\/Detektiv-Biro-_-logo.png","contentUrl":"https:\/\/nova.detektiv-biro.si\/wp-content\/uploads\/2026\/03\/Detektiv-Biro-_-logo.png","width":500,"height":469,"caption":"nova.detektiv-biro.si"},"image":{"@id":"https:\/\/nova.detektiv-biro.si\/#\/schema\/logo\/image\/"}}]}},"_links":{"self":[{"href":"https:\/\/nova.detektiv-biro.si\/index.php\/wp-json\/wp\/v2\/pages\/1089","targetHints":{"allow":["GET"]}}],"collection":[{"href":"https:\/\/nova.detektiv-biro.si\/index.php\/wp-json\/wp\/v2\/pages"}],"about":[{"href":"https:\/\/nova.detektiv-biro.si\/index.php\/wp-json\/wp\/v2\/types\/page"}],"author":[{"embeddable":true,"href":"https:\/\/nova.detektiv-biro.si\/index.php\/wp-json\/wp\/v2\/users\/1"}],"replies":[{"embeddable":true,"href":"https:\/\/nova.detektiv-biro.si\/index.php\/wp-json\/wp\/v2\/comments?post=1089"}],"version-history":[{"count":30,"href":"https:\/\/nova.detektiv-biro.si\/index.php\/wp-json\/wp\/v2\/pages\/1089\/revisions"}],"predecessor-version":[{"id":4055,"href":"https:\/\/nova.detektiv-biro.si\/index.php\/wp-json\/wp\/v2\/pages\/1089\/revisions\/4055"}],"wp:featuredmedia":[{"embeddable":true,"href":"https:\/\/nova.detektiv-biro.si\/index.php\/wp-json\/wp\/v2\/media\/660"}],"wp:attachment":[{"href":"https:\/\/nova.detektiv-biro.si\/index.php\/wp-json\/wp\/v2\/media?parent=1089"}],"curies":[{"name":"wp","href":"https:\/\/api.w.org\/{rel}","templated":true}]}}