{"id":1555,"date":"2021-03-29T11:47:13","date_gmt":"2021-03-29T11:47:13","guid":{"rendered":"https:\/\/inestit.smartdemowp.com\/?page_id=1555"},"modified":"2026-03-31T22:43:29","modified_gmt":"2026-03-31T21:43:29","slug":"zbiranje-dokaznega-gradiva","status":"publish","type":"page","link":"https:\/\/nova.detektiv-biro.si\/index.php\/zbiranje-dokaznega-gradiva\/","title":{"rendered":"Zbiranje dokaznega gradiva"},"content":{"rendered":"\t\t<div data-elementor-type=\"wp-page\" data-elementor-id=\"1555\" class=\"elementor elementor-1555\" data-elementor-post-type=\"page\">\n\t\t\t\t\t\t<section class=\"elementor-section elementor-top-section elementor-element elementor-element-792a702a elementor-section-full_width elementor-section-height-default elementor-section-height-default\" data-id=\"792a702a\" data-element_type=\"section\" data-e-type=\"section\">\n\t\t\t\t\t\t<div class=\"elementor-container elementor-column-gap-no\">\n\t\t\t\t\t<div class=\"elementor-column elementor-col-100 elementor-top-column elementor-element elementor-element-578e8394\" data-id=\"578e8394\" data-element_type=\"column\" data-e-type=\"column\">\n\t\t\t<div class=\"elementor-widget-wrap elementor-element-populated\">\n\t\t\t\t\t\t<div class=\"elementor-element elementor-element-56a65ada elementor-widget elementor-widget-service_details_content\" data-id=\"56a65ada\" data-element_type=\"widget\" data-e-type=\"widget\" data-widget_type=\"service_details_content.default\">\n\t\t\t\t<div class=\"elementor-widget-container\">\n\t\t\t\t\t\r\n        <div class=\"content-one\">\r\n            <figure class=\"image-box\">\r\n                <img fetchpriority=\"high\" decoding=\"async\" width=\"770\" height=\"445\" src=\"https:\/\/nova.detektiv-biro.si\/wp-content\/uploads\/2021\/03\/service-7.jpg\" class=\"attachment-full size-full\" alt=\"\" \/>                <div class=\"category-box\">\r\n                    <div class=\"category\">\r\n                        <span>Zbiranje dokaznega gradiva<\/span>\r\n                        <div class=\"shape shape-1\"><\/div>\r\n                        <div class=\"shape shape-2\"><\/div>\r\n                        <div class=\"shape shape-3\"><\/div>\r\n                        <div class=\"shape shape-4\"><\/div>\r\n                    <\/div>\r\n                <\/div>\r\n            <\/figure>\r\n            <h2>Dokumentiranje dejstev za potrebe pravnih postopkov.<\/h2>\r\n            <div class=\"text\">\r\n                <p>Odvetniki v postopkih pred dr\u017eavnimi organi in drugimi organi zastopajo svoje stranke in dolo\u010deno dokazno gradivo zanje pridobijo sami. \u010ce pa je zbiranje dokaznega gradiva povezano s terenskim poizvedovanjem ali celo uporabo osebne zaznave (opazovanja in sledenja), se odvetniki ali njihove stranke pogosto obrnejo na nas.<p>\n\n<p>Pridobivamo torej dokazno gradivo za uporabo v postopkih pred sodi\u0161\u010di in drugimi pravosodnimi organi in organizacijami, ki v svojih postopkih odlo\u010dajo o pravicah posamezne stranke in to za potrebe vseh postopkov, torej tudi za potrebe kazenskih postopkov. \n<p>Pridobivanje dokaznega gradiva zajema tudi iskanje pri\u010d nekega dogodka in opravljanje razgovorov z njimi, pa tudi opravljanje ogledov krajev posameznih dogodkov, ko so dr\u017eavni organi svoje aktivnosti \u017ee zaklju\u010dili.<\/p>            <\/div>\r\n            <div class=\"inner-box\">\r\n                <div class=\"row clearfix\">\r\n                                            <div class=\"col-lg-6 col-md-6 col-sm-12 column\">\r\n                            <div class=\"single-item\">\r\n                                <h4><span>01 - <\/span>Dokazno gradivo    <\/h4>\r\n                            <\/div>\r\n                        <\/div>\r\n                                            <div class=\"col-lg-6 col-md-6 col-sm-12 column\">\r\n                            <div class=\"single-item\">\r\n                                <h4><span>02 - <\/span>Iskanje pri\u010d <\/h4>\r\n                            <\/div>\r\n                        <\/div>\r\n                                            <div class=\"col-lg-6 col-md-6 col-sm-12 column\">\r\n                            <div class=\"single-item\">\r\n                                <h4><span>03 - <\/span>Terensko poizvedovanje <\/h4>\r\n                            <\/div>\r\n                        <\/div>\r\n                                            <div class=\"col-lg-6 col-md-6 col-sm-12 column\">\r\n                            <div class=\"single-item\">\r\n                                <h4><span>04 - <\/span>Ogled kraja<\/h4>\r\n                            <\/div>\r\n                        <\/div>\r\n                                    <\/div>\r\n            <\/div>\r\n        <\/div>\r\n\t\t\t\t<\/div>\n\t\t\t\t<\/div>\n\t\t\t\t\t<\/div>\n\t\t<\/div>\n\t\t\t\t\t<\/div>\n\t\t<\/section>\n\t\t\t\t<\/div>\n\t\t","protected":false},"excerpt":{"rendered":"<p>Zbiranje dokaznega gradiva Dokumentiranje dejstev za potrebe pravnih postopkov. Odvetniki v postopkih pred dr\u017eavnimi organi in drugimi organi zastopajo svoje stranke in dolo\u010deno dokazno gradivo zanje pridobijo sami. \u010ce pa je zbiranje dokaznega gradiva povezano s terenskim poizvedovanjem ali celo uporabo osebne zaznave (opazovanja in sledenja), se odvetniki ali njihove stranke pogosto obrnejo na nas. [&hellip;]<\/p>\n","protected":false},"author":1,"featured_media":660,"parent":0,"menu_order":0,"comment_status":"closed","ping_status":"closed","template":"","meta":{"footnotes":""},"class_list":["post-1555","page","type-page","status-publish","has-post-thumbnail","hentry"],"yoast_head":"<!-- This site is optimized with the Yoast SEO Premium plugin v27.1 (Yoast SEO v27.1.1) - https:\/\/yoast.com\/product\/yoast-seo-premium-wordpress\/ -->\r\n<title>Zbiranje dokaznega gradiva - nova.detektiv-biro.si<\/title>\r\n<meta name=\"description\" content=\"Zbiranje dokaznega gradiva za uporabo v postopkih pred sodi\u0161\u010di, drugimi pravosodnimi organi, organizacijami in za potrebe kazenskih postopkov\" \/>\r\n<meta name=\"robots\" content=\"index, follow, max-snippet:-1, max-image-preview:large, max-video-preview:-1\" \/>\r\n<link rel=\"canonical\" href=\"https:\/\/nova.detektiv-biro.si\/index.php\/zbiranje-dokaznega-gradiva\/\" \/>\r\n<meta property=\"og:locale\" content=\"sl_SI\" \/>\r\n<meta property=\"og:type\" content=\"article\" \/>\r\n<meta property=\"og:title\" content=\"Zbiranje dokaznega gradiva\" \/>\r\n<meta property=\"og:description\" content=\"Zbiranje dokaznega gradiva za uporabo v postopkih pred sodi\u0161\u010di, drugimi pravosodnimi organi, organizacijami in za potrebe kazenskih postopkov\" \/>\r\n<meta property=\"og:url\" content=\"https:\/\/nova.detektiv-biro.si\/index.php\/zbiranje-dokaznega-gradiva\/\" \/>\r\n<meta property=\"og:site_name\" content=\"nova.detektiv-biro.si\" \/>\r\n<meta property=\"article:modified_time\" content=\"2026-03-31T21:43:29+00:00\" \/>\r\n<meta property=\"og:image\" content=\"https:\/\/nova.detektiv-biro.si\/wp-content\/uploads\/2021\/03\/page-title.jpg\" \/>\r\n\t<meta property=\"og:image:width\" content=\"1894\" \/>\r\n\t<meta property=\"og:image:height\" content=\"441\" \/>\r\n\t<meta property=\"og:image:type\" content=\"image\/jpeg\" \/>\r\n<meta name=\"twitter:card\" content=\"summary_large_image\" \/>\r\n<meta name=\"twitter:label1\" content=\"Est. reading time\" \/>\n\t<meta name=\"twitter:data1\" content=\"1 minuta\" \/>\r\n<script type=\"application\/ld+json\" class=\"yoast-schema-graph\">{\"@context\":\"https:\/\/schema.org\",\"@graph\":[{\"@type\":\"WebPage\",\"@id\":\"https:\/\/nova.detektiv-biro.si\/index.php\/zbiranje-dokaznega-gradiva\/\",\"url\":\"https:\/\/nova.detektiv-biro.si\/index.php\/zbiranje-dokaznega-gradiva\/\",\"name\":\"Zbiranje dokaznega gradiva - nova.detektiv-biro.si\",\"isPartOf\":{\"@id\":\"https:\/\/nova.detektiv-biro.si\/#website\"},\"primaryImageOfPage\":{\"@id\":\"https:\/\/nova.detektiv-biro.si\/index.php\/zbiranje-dokaznega-gradiva\/#primaryimage\"},\"image\":{\"@id\":\"https:\/\/nova.detektiv-biro.si\/index.php\/zbiranje-dokaznega-gradiva\/#primaryimage\"},\"thumbnailUrl\":\"https:\/\/nova.detektiv-biro.si\/wp-content\/uploads\/2021\/03\/page-title.jpg\",\"datePublished\":\"2021-03-29T11:47:13+00:00\",\"dateModified\":\"2026-03-31T21:43:29+00:00\",\"description\":\"Zbiranje dokaznega gradiva za uporabo v postopkih pred sodi\u0161\u010di, drugimi pravosodnimi organi, organizacijami in za potrebe kazenskih postopkov\",\"breadcrumb\":{\"@id\":\"https:\/\/nova.detektiv-biro.si\/index.php\/zbiranje-dokaznega-gradiva\/#breadcrumb\"},\"inLanguage\":\"sl-SI\",\"potentialAction\":[{\"@type\":\"ReadAction\",\"target\":[\"https:\/\/nova.detektiv-biro.si\/index.php\/zbiranje-dokaznega-gradiva\/\"]}]},{\"@type\":\"ImageObject\",\"inLanguage\":\"sl-SI\",\"@id\":\"https:\/\/nova.detektiv-biro.si\/index.php\/zbiranje-dokaznega-gradiva\/#primaryimage\",\"url\":\"https:\/\/nova.detektiv-biro.si\/wp-content\/uploads\/2021\/03\/page-title.jpg\",\"contentUrl\":\"https:\/\/nova.detektiv-biro.si\/wp-content\/uploads\/2021\/03\/page-title.jpg\",\"width\":1894,\"height\":441},{\"@type\":\"BreadcrumbList\",\"@id\":\"https:\/\/nova.detektiv-biro.si\/index.php\/zbiranje-dokaznega-gradiva\/#breadcrumb\",\"itemListElement\":[{\"@type\":\"ListItem\",\"position\":1,\"name\":\"Home\",\"item\":\"https:\/\/nova.detektiv-biro.si\/\"},{\"@type\":\"ListItem\",\"position\":2,\"name\":\"Zbiranje dokaznega gradiva\"}]},{\"@type\":\"WebSite\",\"@id\":\"https:\/\/nova.detektiv-biro.si\/#website\",\"url\":\"https:\/\/nova.detektiv-biro.si\/\",\"name\":\"nova.detektiv-biro.si\",\"description\":\"Naju\u010dinkovitej\u0161a detektivska agencija\",\"publisher\":{\"@id\":\"https:\/\/nova.detektiv-biro.si\/#organization\"},\"potentialAction\":[{\"@type\":\"SearchAction\",\"target\":{\"@type\":\"EntryPoint\",\"urlTemplate\":\"https:\/\/nova.detektiv-biro.si\/?s={search_term_string}\"},\"query-input\":{\"@type\":\"PropertyValueSpecification\",\"valueRequired\":true,\"valueName\":\"search_term_string\"}}],\"inLanguage\":\"sl-SI\"},{\"@type\":\"Organization\",\"@id\":\"https:\/\/nova.detektiv-biro.si\/#organization\",\"name\":\"nova.detektiv-biro.si\",\"url\":\"https:\/\/nova.detektiv-biro.si\/\",\"logo\":{\"@type\":\"ImageObject\",\"inLanguage\":\"sl-SI\",\"@id\":\"https:\/\/nova.detektiv-biro.si\/#\/schema\/logo\/image\/\",\"url\":\"https:\/\/nova.detektiv-biro.si\/wp-content\/uploads\/2026\/03\/Detektiv-Biro-_-logo.png\",\"contentUrl\":\"https:\/\/nova.detektiv-biro.si\/wp-content\/uploads\/2026\/03\/Detektiv-Biro-_-logo.png\",\"width\":500,\"height\":469,\"caption\":\"nova.detektiv-biro.si\"},\"image\":{\"@id\":\"https:\/\/nova.detektiv-biro.si\/#\/schema\/logo\/image\/\"}}]}<\/script>\r\n<!-- \/ Yoast SEO Premium plugin. -->","yoast_head_json":{"title":"Zbiranje dokaznega gradiva - nova.detektiv-biro.si","description":"Zbiranje dokaznega gradiva za uporabo v postopkih pred sodi\u0161\u010di, drugimi pravosodnimi organi, organizacijami in za potrebe kazenskih postopkov","robots":{"index":"index","follow":"follow","max-snippet":"max-snippet:-1","max-image-preview":"max-image-preview:large","max-video-preview":"max-video-preview:-1"},"canonical":"https:\/\/nova.detektiv-biro.si\/index.php\/zbiranje-dokaznega-gradiva\/","og_locale":"sl_SI","og_type":"article","og_title":"Zbiranje dokaznega gradiva","og_description":"Zbiranje dokaznega gradiva za uporabo v postopkih pred sodi\u0161\u010di, drugimi pravosodnimi organi, organizacijami in za potrebe kazenskih postopkov","og_url":"https:\/\/nova.detektiv-biro.si\/index.php\/zbiranje-dokaznega-gradiva\/","og_site_name":"nova.detektiv-biro.si","article_modified_time":"2026-03-31T21:43:29+00:00","og_image":[{"width":1894,"height":441,"url":"https:\/\/nova.detektiv-biro.si\/wp-content\/uploads\/2021\/03\/page-title.jpg","type":"image\/jpeg"}],"twitter_card":"summary_large_image","twitter_misc":{"Est. reading time":"1 minuta"},"schema":{"@context":"https:\/\/schema.org","@graph":[{"@type":"WebPage","@id":"https:\/\/nova.detektiv-biro.si\/index.php\/zbiranje-dokaznega-gradiva\/","url":"https:\/\/nova.detektiv-biro.si\/index.php\/zbiranje-dokaznega-gradiva\/","name":"Zbiranje dokaznega gradiva - nova.detektiv-biro.si","isPartOf":{"@id":"https:\/\/nova.detektiv-biro.si\/#website"},"primaryImageOfPage":{"@id":"https:\/\/nova.detektiv-biro.si\/index.php\/zbiranje-dokaznega-gradiva\/#primaryimage"},"image":{"@id":"https:\/\/nova.detektiv-biro.si\/index.php\/zbiranje-dokaznega-gradiva\/#primaryimage"},"thumbnailUrl":"https:\/\/nova.detektiv-biro.si\/wp-content\/uploads\/2021\/03\/page-title.jpg","datePublished":"2021-03-29T11:47:13+00:00","dateModified":"2026-03-31T21:43:29+00:00","description":"Zbiranje dokaznega gradiva za uporabo v postopkih pred sodi\u0161\u010di, drugimi pravosodnimi organi, organizacijami in za potrebe kazenskih postopkov","breadcrumb":{"@id":"https:\/\/nova.detektiv-biro.si\/index.php\/zbiranje-dokaznega-gradiva\/#breadcrumb"},"inLanguage":"sl-SI","potentialAction":[{"@type":"ReadAction","target":["https:\/\/nova.detektiv-biro.si\/index.php\/zbiranje-dokaznega-gradiva\/"]}]},{"@type":"ImageObject","inLanguage":"sl-SI","@id":"https:\/\/nova.detektiv-biro.si\/index.php\/zbiranje-dokaznega-gradiva\/#primaryimage","url":"https:\/\/nova.detektiv-biro.si\/wp-content\/uploads\/2021\/03\/page-title.jpg","contentUrl":"https:\/\/nova.detektiv-biro.si\/wp-content\/uploads\/2021\/03\/page-title.jpg","width":1894,"height":441},{"@type":"BreadcrumbList","@id":"https:\/\/nova.detektiv-biro.si\/index.php\/zbiranje-dokaznega-gradiva\/#breadcrumb","itemListElement":[{"@type":"ListItem","position":1,"name":"Home","item":"https:\/\/nova.detektiv-biro.si\/"},{"@type":"ListItem","position":2,"name":"Zbiranje dokaznega gradiva"}]},{"@type":"WebSite","@id":"https:\/\/nova.detektiv-biro.si\/#website","url":"https:\/\/nova.detektiv-biro.si\/","name":"nova.detektiv-biro.si","description":"Naju\u010dinkovitej\u0161a detektivska agencija","publisher":{"@id":"https:\/\/nova.detektiv-biro.si\/#organization"},"potentialAction":[{"@type":"SearchAction","target":{"@type":"EntryPoint","urlTemplate":"https:\/\/nova.detektiv-biro.si\/?s={search_term_string}"},"query-input":{"@type":"PropertyValueSpecification","valueRequired":true,"valueName":"search_term_string"}}],"inLanguage":"sl-SI"},{"@type":"Organization","@id":"https:\/\/nova.detektiv-biro.si\/#organization","name":"nova.detektiv-biro.si","url":"https:\/\/nova.detektiv-biro.si\/","logo":{"@type":"ImageObject","inLanguage":"sl-SI","@id":"https:\/\/nova.detektiv-biro.si\/#\/schema\/logo\/image\/","url":"https:\/\/nova.detektiv-biro.si\/wp-content\/uploads\/2026\/03\/Detektiv-Biro-_-logo.png","contentUrl":"https:\/\/nova.detektiv-biro.si\/wp-content\/uploads\/2026\/03\/Detektiv-Biro-_-logo.png","width":500,"height":469,"caption":"nova.detektiv-biro.si"},"image":{"@id":"https:\/\/nova.detektiv-biro.si\/#\/schema\/logo\/image\/"}}]}},"_links":{"self":[{"href":"https:\/\/nova.detektiv-biro.si\/index.php\/wp-json\/wp\/v2\/pages\/1555","targetHints":{"allow":["GET"]}}],"collection":[{"href":"https:\/\/nova.detektiv-biro.si\/index.php\/wp-json\/wp\/v2\/pages"}],"about":[{"href":"https:\/\/nova.detektiv-biro.si\/index.php\/wp-json\/wp\/v2\/types\/page"}],"author":[{"embeddable":true,"href":"https:\/\/nova.detektiv-biro.si\/index.php\/wp-json\/wp\/v2\/users\/1"}],"replies":[{"embeddable":true,"href":"https:\/\/nova.detektiv-biro.si\/index.php\/wp-json\/wp\/v2\/comments?post=1555"}],"version-history":[{"count":9,"href":"https:\/\/nova.detektiv-biro.si\/index.php\/wp-json\/wp\/v2\/pages\/1555\/revisions"}],"predecessor-version":[{"id":3905,"href":"https:\/\/nova.detektiv-biro.si\/index.php\/wp-json\/wp\/v2\/pages\/1555\/revisions\/3905"}],"wp:featuredmedia":[{"embeddable":true,"href":"https:\/\/nova.detektiv-biro.si\/index.php\/wp-json\/wp\/v2\/media\/660"}],"wp:attachment":[{"href":"https:\/\/nova.detektiv-biro.si\/index.php\/wp-json\/wp\/v2\/media?parent=1555"}],"curies":[{"name":"wp","href":"https:\/\/api.w.org\/{rel}","templated":true}]}}