{"id":2682,"date":"2026-03-22T21:39:35","date_gmt":"2026-03-22T20:39:35","guid":{"rendered":"https:\/\/nova.detektiv-biro.si\/?page_id=2682"},"modified":"2026-04-24T11:10:49","modified_gmt":"2026-04-24T10:10:49","slug":"disciplinska-krsitev","status":"publish","type":"page","link":"https:\/\/nova.detektiv-biro.si\/index.php\/reseni-primeri\/disciplinska-krsitev\/","title":{"rendered":"Disciplinska kr\u0161itev"},"content":{"rendered":"\t\t<div data-elementor-type=\"wp-page\" data-elementor-id=\"2682\" class=\"elementor elementor-2682\" data-elementor-post-type=\"page\">\n\t\t\t\t\t\t<section class=\"elementor-section elementor-top-section elementor-element elementor-element-5d928628 elementor-section-full_width elementor-section-height-default elementor-section-height-default\" data-id=\"5d928628\" data-element_type=\"section\" data-e-type=\"section\">\n\t\t\t\t\t\t<div class=\"elementor-container elementor-column-gap-no\">\n\t\t\t\t\t<div class=\"elementor-column elementor-col-100 elementor-top-column elementor-element elementor-element-9e9117\" data-id=\"9e9117\" data-element_type=\"column\" data-e-type=\"column\">\n\t\t\t<div class=\"elementor-widget-wrap elementor-element-populated\">\n\t\t\t\t\t\t<div class=\"elementor-element elementor-element-c5b98a8 elementor-widget elementor-widget-case_details\" data-id=\"c5b98a8\" data-element_type=\"widget\" data-e-type=\"widget\" data-widget_type=\"case_details.default\">\n\t\t\t\t<div class=\"elementor-widget-container\">\n\t\t\t\t\t        <!-- case-details -->\r\n        <section class=\"case-details\">\r\n            <div class=\"auto-container\">\r\n                <div class=\"case-details-content\">\r\n                    <figure class=\"image-box\"><img fetchpriority=\"high\" decoding=\"async\" width=\"1170\" height=\"533\" src=\"https:\/\/nova.detektiv-biro.si\/wp-content\/uploads\/2021\/03\/case-10.jpg\" class=\"attachment-full size-full\" alt=\"\" \/>                    <\/figure>\r\n                    <div class=\"row clearfix\">\r\n                        <div class=\"col-lg-8 col-md-12 col-sm-12 content-side\">\r\n                            <div class=\"content-box\">\r\n                                <h2>Disciplinska kr\u0161itev<\/h2>\r\n                                <p>Delodajalec je \u017eelel preveriti ali njegovi delavci na cestnem gradbi\u0161\u010du  racionalno izrabljajo delovni \u010das.<\/p>\r\n                                <h3>Sklep<\/h3>\r\n                                <p>Med preiskavo smo ugotovili, da so navedbe neresni\u010dne.<\/p>\r\n                                <ul class=\"list-item clearfix\">\r\n                                    <li>Z opazovanjem gradbi\u0161\u010da smo ugotovili, da je skupina treh delavcev med delovnim \u010dasom obiskala bli\u017enji gostinski lokal in tam ostala skoraj tretjino delovnega \u010dasa.<\/li>\n <li>Dogajanje smo foto in video dokumentirali, delodajalec pa je na osnovi dokaznega gradiva in poro\u010dila proti delavcem uvedel disciplinski postopek.<\/li>                                  <\/ul>\r\n                            <\/div>\r\n                        <\/div>\r\n                                                <div class=\"col-lg-4 col-md-12 col-sm-12 sidebar-side\">\r\n                            <div class=\"case-sidebar\">\r\n                            <div id=\"text-3\" class=\"sidebar-widget widget_text\">\t\t\t<div class=\"textwidget\"><div class=\"form-widget\">\n<div class=\"wpcf7 no-js\" id=\"wpcf7-f1604-o1\" lang=\"en-US\" dir=\"ltr\" data-wpcf7-id=\"1604\">\n<div class=\"screen-reader-response\"><p role=\"status\" aria-live=\"polite\" aria-atomic=\"true\"><\/p> <ul><\/ul><\/div>\n<form action=\"\/index.php\/wp-json\/wp\/v2\/pages\/2682#wpcf7-f1604-o1\" method=\"post\" class=\"wpcf7-form init\" aria-label=\"Contact form\" novalidate=\"novalidate\" data-status=\"init\">\n<fieldset class=\"hidden-fields-container\"><input type=\"hidden\" name=\"_wpcf7\" value=\"1604\" \/><input type=\"hidden\" name=\"_wpcf7_version\" value=\"6.1.5\" \/><input type=\"hidden\" name=\"_wpcf7_locale\" value=\"en_US\" \/><input type=\"hidden\" name=\"_wpcf7_unit_tag\" value=\"wpcf7-f1604-o1\" \/><input type=\"hidden\" name=\"_wpcf7_container_post\" value=\"0\" \/><input type=\"hidden\" name=\"_wpcf7_posted_data_hash\" value=\"\" \/>\n<\/fieldset>\n<div class=\"form-group\">\n\t<p><span class=\"wpcf7-form-control-wrap\" data-name=\"your-name\"><input size=\"40\" maxlength=\"400\" class=\"wpcf7-form-control wpcf7-text wpcf7-validates-as-required\" aria-required=\"true\" aria-invalid=\"false\" placeholder=\"Ime in Priimek\" value=\"\" type=\"text\" name=\"your-name\" \/><\/span>\n\t<\/p>\n<\/div>\n<div class=\"form-group\">\n\t<p><span class=\"wpcf7-form-control-wrap\" data-name=\"your-email\"><input size=\"40\" maxlength=\"400\" class=\"wpcf7-form-control wpcf7-email wpcf7-validates-as-required wpcf7-text wpcf7-validates-as-email\" aria-required=\"true\" aria-invalid=\"false\" placeholder=\"Va\u0161 e-naslov\" value=\"\" type=\"email\" name=\"your-email\" \/><\/span>\n\t<\/p>\n<\/div>\n<div class=\"form-group\">\n\t<p><span class=\"wpcf7-form-control-wrap\" data-name=\"your-phone\"><input size=\"40\" maxlength=\"400\" class=\"wpcf7-form-control wpcf7-text wpcf7-validates-as-required\" aria-required=\"true\" aria-invalid=\"false\" placeholder=\"Telefonska \u0161tevilka\" value=\"\" type=\"text\" name=\"your-phone\" \/><\/span>\n\t<\/p>\n<\/div>\n<div class=\"form-group\">\n\t<p><span class=\"wpcf7-form-control-wrap\" data-name=\"your-message\"><textarea cols=\"40\" rows=\"10\" maxlength=\"2000\" class=\"wpcf7-form-control wpcf7-textarea\" aria-invalid=\"false\" placeholder=\"Pi\u0161ite nam\" name=\"your-message\"><\/textarea><\/span>\n\t<\/p>\n<\/div>\n<div class=\"form-group message-btn\">\n\t<p><button type=\"submit\" class=\"wpcf7-form-control wpcf7-submit theme-btn-one\">Po\u0161lji<\/button>\n\t<\/p>\n<\/div><div class=\"wpcf7-response-output\" aria-hidden=\"true\"><\/div>\n<\/form>\n<\/div>\n<\/div>\n<\/div>\n\t\t<\/div>                            <\/div>\r\n                        <\/div>\r\n                                            <\/div>\r\n                <\/div>\r\n            <\/div>\r\n        <\/section>\r\n        <!-- case-details end --> \t\t\t\t<\/div>\n\t\t\t\t<\/div>\n\t\t\t\t\t<\/div>\n\t\t<\/div>\n\t\t\t\t\t<\/div>\n\t\t<\/section>\n\t\t\t\t<section class=\"elementor-section elementor-top-section elementor-element elementor-element-2db9c477 elementor-section-full_width elementor-section-height-default elementor-section-height-default\" data-id=\"2db9c477\" data-element_type=\"section\" data-e-type=\"section\">\n\t\t\t\t\t\t<div class=\"elementor-container elementor-column-gap-no\">\n\t\t\t\t\t<div class=\"elementor-column elementor-col-100 elementor-top-column elementor-element elementor-element-3a051839\" data-id=\"3a051839\" data-element_type=\"column\" data-e-type=\"column\">\n\t\t\t<div class=\"elementor-widget-wrap elementor-element-populated\">\n\t\t\t\t\t\t<div class=\"elementor-element elementor-element-7c13d8d elementor-widget elementor-widget-inestit_case\" data-id=\"7c13d8d\" data-element_type=\"widget\" data-e-type=\"widget\" data-widget_type=\"inestit_case.default\">\n\t\t\t\t<div class=\"elementor-widget-container\">\n\t\t\t\t\t            <!-- case-section -->\r\n        <section class=\"case-section sec-pad\">\r\n            <div class=\"auto-container\">\r\n                <div class=\"title-inner clearfix\">\r\n                    <div class=\"sec-title pull-left\">\r\n                        <h2>Re\u0161eni primeri<\/h2>\r\n                    <\/div>\r\n                    <div class=\"text pull-right\">\r\n                        <p>Uspe\u0161no izvedene preiskave, ki dokazujejo na\u0161o strokovnost, diskretnost in zanesljive rezultate v konkretnih primerih.<\/p>\r\n                    <\/div>\r\n                <\/div>\r\n                <div class=\"row clearfix\">\r\n\r\n                     \r\n                    <div class=\"col-lg-4 col-md-6 col-sm-12 case-block \">\r\n                            <div class=\"case-block-one wow fadeInUp animated animated\" data-wow-delay=\"300ms\" data-wow-duration=\"1500ms\">\r\n                                <div class=\"inner-box\">\r\n                                    <figure class=\"image-box\"><img decoding=\"async\" width=\"370\" height=\"377\" src=\"https:\/\/nova.detektiv-biro.si\/wp-content\/uploads\/2021\/03\/case-1.jpg\" class=\"attachment-full size-full\" alt=\"\" \/>                                    <\/figure>\r\n                                    <div class=\"text\">\r\n                                        <h3><a href=\"https:\/\/nova.detektiv-biro.si\/index.php\/reseni-primeri\/iskanje-dolznice\/\"  >Iskanje dol\u017enice<\/a><\/h3>\r\n                                        <p>Upnik je \u017ee dalj \u010dasa neuspe\u0161no iskal dol\u017enico, ki se je pred posledicami izvr\u0161ilnega postopka odselila na neznani naslov. <\/p>\r\n                                    <\/div>\r\n                                    <div class=\"link\"><a href=\"https:\/\/nova.detektiv-biro.si\/index.php\/reseni-primeri\/iskanje-dolznice\/\"  ><i aria-hidden=\"true\" class=\" flaticon-right-arrow\"><\/i><\/a><\/div>\r\n                                <\/div>\r\n                            <\/div>\r\n                        <\/div>  \r\n                    <div class=\"col-lg-4 col-md-6 col-sm-12 case-block \">\r\n                            <div class=\"case-block-one wow fadeInUp animated animated\" data-wow-delay=\"300ms\" data-wow-duration=\"1500ms\">\r\n                                <div class=\"inner-box\">\r\n                                    <figure class=\"image-box\"><img decoding=\"async\" width=\"370\" height=\"377\" src=\"https:\/\/nova.detektiv-biro.si\/wp-content\/uploads\/2021\/03\/case-2.jpg\" class=\"attachment-full size-full\" alt=\"\" \/>                                    <\/figure>\r\n                                    <div class=\"text\">\r\n                                        <h3><a href=\"https:\/\/nova.detektiv-biro.si\/index.php\/reseni-primeri\/zavarovalniska-goljufija\/\"  >Zavarovalni\u0161ka goljufija<\/a><\/h3>\r\n                                        <p>Po\u0161kodovanec je zavarovalnici lagal o smu\u010darski po\u0161kodbi, da bi dobil od\u0161kodnino. Ni je prejel, dobil kazensko ovadbo za goljufijo.<\/p>\r\n                                    <\/div>\r\n                                    <div class=\"link\"><a href=\"https:\/\/nova.detektiv-biro.si\/index.php\/reseni-primeri\/zavarovalniska-goljufija\/\"  ><i aria-hidden=\"true\" class=\" flaticon-right-arrow\"><\/i><\/a><\/div>\r\n                                <\/div>\r\n                            <\/div>\r\n                        <\/div>  \r\n                    <div class=\"col-lg-4 col-md-6 col-sm-12 case-block \">\r\n                            <div class=\"case-block-one wow fadeInUp animated animated\" data-wow-delay=\"300ms\" data-wow-duration=\"1500ms\">\r\n                                <div class=\"inner-box\">\r\n                                    <figure class=\"image-box\"><img loading=\"lazy\" decoding=\"async\" width=\"370\" height=\"377\" src=\"https:\/\/nova.detektiv-biro.si\/wp-content\/uploads\/2021\/03\/case-3.jpg\" class=\"attachment-full size-full\" alt=\"\" \/>                                    <\/figure>\r\n                                    <div class=\"text\">\r\n                                        <h3><a href=\"https:\/\/inestit.smartdemowp.com\/case-details\/\"  >Zloraba potnih stro\u0161kov<\/a><\/h3>\r\n                                        <p>Delavec je la\u017eno prikazoval potne stro\u0161ke za osebno korist; dokazi so privedli do odpusta in sodne obsodbe.<\/p>\r\n                                    <\/div>\r\n                                    <div class=\"link\"><a href=\"https:\/\/inestit.smartdemowp.com\/case-details\/\"  ><i aria-hidden=\"true\" class=\" flaticon-right-arrow\"><\/i><\/a><\/div>\r\n                                <\/div>\r\n                            <\/div>\r\n                        <\/div> \r\n                <\/div>\r\n            <\/div>\r\n        <\/section>\r\n\r\n        <!-- case-section end --> \r\n        \t\t\t\t<\/div>\n\t\t\t\t<\/div>\n\t\t\t\t\t<\/div>\n\t\t<\/div>\n\t\t\t\t\t<\/div>\n\t\t<\/section>\n\t\t\t\t<\/div>\n\t\t","protected":false},"excerpt":{"rendered":"<p>Disciplinska kr\u0161itev Delodajalec je \u017eelel preveriti ali njegovi delavci na cestnem gradbi\u0161\u010du racionalno izrabljajo delovni \u010das. Sklep Med preiskavo smo ugotovili, da so navedbe neresni\u010dne. Z opazovanjem gradbi\u0161\u010da smo ugotovili, da je skupina treh delavcev med delovnim \u010dasom obiskala bli\u017enji gostinski lokal in tam ostala skoraj tretjino delovnega \u010dasa. Dogajanje smo foto in video dokumentirali, [&hellip;]<\/p>\n","protected":false},"author":1,"featured_media":660,"parent":969,"menu_order":0,"comment_status":"closed","ping_status":"closed","template":"","meta":{"footnotes":""},"class_list":["post-2682","page","type-page","status-publish","has-post-thumbnail","hentry"],"yoast_head":"<!-- This site is optimized with the Yoast SEO Premium plugin v27.1 (Yoast SEO v27.1.1) - https:\/\/yoast.com\/product\/yoast-seo-premium-wordpress\/ -->\r\n<title>Disciplinska kr\u0161itev - nova.detektiv-biro.si<\/title>\r\n<meta name=\"description\" content=\"Disciplinska kr\u0161itev. Delodajalec je \u017eelel preveriti ali njegovi delavci na cestnem gradbi\u0161\u010du racionalno izrabljajo delovni \u010das.\" \/>\r\n<meta name=\"robots\" content=\"index, follow, max-snippet:-1, max-image-preview:large, max-video-preview:-1\" \/>\r\n<link rel=\"canonical\" href=\"https:\/\/nova.detektiv-biro.si\/index.php\/reseni-primeri\/disciplinska-krsitev\/\" \/>\r\n<meta property=\"og:locale\" content=\"sl_SI\" \/>\r\n<meta property=\"og:type\" content=\"article\" \/>\r\n<meta property=\"og:title\" content=\"Disciplinska kr\u0161itev\" \/>\r\n<meta property=\"og:description\" content=\"Disciplinska kr\u0161itev. Delodajalec je \u017eelel preveriti ali njegovi delavci na cestnem gradbi\u0161\u010du racionalno izrabljajo delovni \u010das.\" \/>\r\n<meta property=\"og:url\" content=\"https:\/\/nova.detektiv-biro.si\/index.php\/reseni-primeri\/disciplinska-krsitev\/\" \/>\r\n<meta property=\"og:site_name\" content=\"nova.detektiv-biro.si\" \/>\r\n<meta property=\"article:modified_time\" content=\"2026-04-24T10:10:49+00:00\" \/>\r\n<meta property=\"og:image\" content=\"https:\/\/nova.detektiv-biro.si\/wp-content\/uploads\/2021\/03\/page-title.jpg\" \/>\r\n\t<meta property=\"og:image:width\" content=\"1894\" \/>\r\n\t<meta property=\"og:image:height\" content=\"441\" \/>\r\n\t<meta property=\"og:image:type\" content=\"image\/jpeg\" \/>\r\n<meta name=\"twitter:card\" content=\"summary_large_image\" \/>\r\n<meta name=\"twitter:label1\" content=\"Est. reading time\" \/>\n\t<meta name=\"twitter:data1\" content=\"2 minuti\" \/>\r\n<script type=\"application\/ld+json\" class=\"yoast-schema-graph\">{\"@context\":\"https:\/\/schema.org\",\"@graph\":[{\"@type\":\"WebPage\",\"@id\":\"https:\/\/nova.detektiv-biro.si\/index.php\/reseni-primeri\/disciplinska-krsitev\/\",\"url\":\"https:\/\/nova.detektiv-biro.si\/index.php\/reseni-primeri\/disciplinska-krsitev\/\",\"name\":\"Disciplinska kr\u0161itev - nova.detektiv-biro.si\",\"isPartOf\":{\"@id\":\"https:\/\/nova.detektiv-biro.si\/#website\"},\"primaryImageOfPage\":{\"@id\":\"https:\/\/nova.detektiv-biro.si\/index.php\/reseni-primeri\/disciplinska-krsitev\/#primaryimage\"},\"image\":{\"@id\":\"https:\/\/nova.detektiv-biro.si\/index.php\/reseni-primeri\/disciplinska-krsitev\/#primaryimage\"},\"thumbnailUrl\":\"https:\/\/nova.detektiv-biro.si\/wp-content\/uploads\/2021\/03\/page-title.jpg\",\"datePublished\":\"2026-03-22T20:39:35+00:00\",\"dateModified\":\"2026-04-24T10:10:49+00:00\",\"description\":\"Disciplinska kr\u0161itev. Delodajalec je \u017eelel preveriti ali njegovi delavci na cestnem gradbi\u0161\u010du racionalno izrabljajo delovni \u010das.\",\"breadcrumb\":{\"@id\":\"https:\/\/nova.detektiv-biro.si\/index.php\/reseni-primeri\/disciplinska-krsitev\/#breadcrumb\"},\"inLanguage\":\"sl-SI\",\"potentialAction\":[{\"@type\":\"ReadAction\",\"target\":[\"https:\/\/nova.detektiv-biro.si\/index.php\/reseni-primeri\/disciplinska-krsitev\/\"]}]},{\"@type\":\"ImageObject\",\"inLanguage\":\"sl-SI\",\"@id\":\"https:\/\/nova.detektiv-biro.si\/index.php\/reseni-primeri\/disciplinska-krsitev\/#primaryimage\",\"url\":\"https:\/\/nova.detektiv-biro.si\/wp-content\/uploads\/2021\/03\/page-title.jpg\",\"contentUrl\":\"https:\/\/nova.detektiv-biro.si\/wp-content\/uploads\/2021\/03\/page-title.jpg\",\"width\":1894,\"height\":441},{\"@type\":\"BreadcrumbList\",\"@id\":\"https:\/\/nova.detektiv-biro.si\/index.php\/reseni-primeri\/disciplinska-krsitev\/#breadcrumb\",\"itemListElement\":[{\"@type\":\"ListItem\",\"position\":1,\"name\":\"Home\",\"item\":\"https:\/\/nova.detektiv-biro.si\/\"},{\"@type\":\"ListItem\",\"position\":2,\"name\":\"Re\u0161eni primeri_stran\",\"item\":\"https:\/\/nova.detektiv-biro.si\/?page_id=969\"},{\"@type\":\"ListItem\",\"position\":3,\"name\":\"Disciplinska kr\u0161itev\"}]},{\"@type\":\"WebSite\",\"@id\":\"https:\/\/nova.detektiv-biro.si\/#website\",\"url\":\"https:\/\/nova.detektiv-biro.si\/\",\"name\":\"nova.detektiv-biro.si\",\"description\":\"Naju\u010dinkovitej\u0161a detektivska agencija\",\"publisher\":{\"@id\":\"https:\/\/nova.detektiv-biro.si\/#organization\"},\"potentialAction\":[{\"@type\":\"SearchAction\",\"target\":{\"@type\":\"EntryPoint\",\"urlTemplate\":\"https:\/\/nova.detektiv-biro.si\/?s={search_term_string}\"},\"query-input\":{\"@type\":\"PropertyValueSpecification\",\"valueRequired\":true,\"valueName\":\"search_term_string\"}}],\"inLanguage\":\"sl-SI\"},{\"@type\":\"Organization\",\"@id\":\"https:\/\/nova.detektiv-biro.si\/#organization\",\"name\":\"nova.detektiv-biro.si\",\"url\":\"https:\/\/nova.detektiv-biro.si\/\",\"logo\":{\"@type\":\"ImageObject\",\"inLanguage\":\"sl-SI\",\"@id\":\"https:\/\/nova.detektiv-biro.si\/#\/schema\/logo\/image\/\",\"url\":\"https:\/\/nova.detektiv-biro.si\/wp-content\/uploads\/2026\/03\/Detektiv-Biro-_-logo.png\",\"contentUrl\":\"https:\/\/nova.detektiv-biro.si\/wp-content\/uploads\/2026\/03\/Detektiv-Biro-_-logo.png\",\"width\":500,\"height\":469,\"caption\":\"nova.detektiv-biro.si\"},\"image\":{\"@id\":\"https:\/\/nova.detektiv-biro.si\/#\/schema\/logo\/image\/\"}}]}<\/script>\r\n<!-- \/ Yoast SEO Premium plugin. -->","yoast_head_json":{"title":"Disciplinska kr\u0161itev - nova.detektiv-biro.si","description":"Disciplinska kr\u0161itev. Delodajalec je \u017eelel preveriti ali njegovi delavci na cestnem gradbi\u0161\u010du racionalno izrabljajo delovni \u010das.","robots":{"index":"index","follow":"follow","max-snippet":"max-snippet:-1","max-image-preview":"max-image-preview:large","max-video-preview":"max-video-preview:-1"},"canonical":"https:\/\/nova.detektiv-biro.si\/index.php\/reseni-primeri\/disciplinska-krsitev\/","og_locale":"sl_SI","og_type":"article","og_title":"Disciplinska kr\u0161itev","og_description":"Disciplinska kr\u0161itev. Delodajalec je \u017eelel preveriti ali njegovi delavci na cestnem gradbi\u0161\u010du racionalno izrabljajo delovni \u010das.","og_url":"https:\/\/nova.detektiv-biro.si\/index.php\/reseni-primeri\/disciplinska-krsitev\/","og_site_name":"nova.detektiv-biro.si","article_modified_time":"2026-04-24T10:10:49+00:00","og_image":[{"width":1894,"height":441,"url":"https:\/\/nova.detektiv-biro.si\/wp-content\/uploads\/2021\/03\/page-title.jpg","type":"image\/jpeg"}],"twitter_card":"summary_large_image","twitter_misc":{"Est. reading time":"2 minuti"},"schema":{"@context":"https:\/\/schema.org","@graph":[{"@type":"WebPage","@id":"https:\/\/nova.detektiv-biro.si\/index.php\/reseni-primeri\/disciplinska-krsitev\/","url":"https:\/\/nova.detektiv-biro.si\/index.php\/reseni-primeri\/disciplinska-krsitev\/","name":"Disciplinska kr\u0161itev - nova.detektiv-biro.si","isPartOf":{"@id":"https:\/\/nova.detektiv-biro.si\/#website"},"primaryImageOfPage":{"@id":"https:\/\/nova.detektiv-biro.si\/index.php\/reseni-primeri\/disciplinska-krsitev\/#primaryimage"},"image":{"@id":"https:\/\/nova.detektiv-biro.si\/index.php\/reseni-primeri\/disciplinska-krsitev\/#primaryimage"},"thumbnailUrl":"https:\/\/nova.detektiv-biro.si\/wp-content\/uploads\/2021\/03\/page-title.jpg","datePublished":"2026-03-22T20:39:35+00:00","dateModified":"2026-04-24T10:10:49+00:00","description":"Disciplinska kr\u0161itev. Delodajalec je \u017eelel preveriti ali njegovi delavci na cestnem gradbi\u0161\u010du racionalno izrabljajo delovni \u010das.","breadcrumb":{"@id":"https:\/\/nova.detektiv-biro.si\/index.php\/reseni-primeri\/disciplinska-krsitev\/#breadcrumb"},"inLanguage":"sl-SI","potentialAction":[{"@type":"ReadAction","target":["https:\/\/nova.detektiv-biro.si\/index.php\/reseni-primeri\/disciplinska-krsitev\/"]}]},{"@type":"ImageObject","inLanguage":"sl-SI","@id":"https:\/\/nova.detektiv-biro.si\/index.php\/reseni-primeri\/disciplinska-krsitev\/#primaryimage","url":"https:\/\/nova.detektiv-biro.si\/wp-content\/uploads\/2021\/03\/page-title.jpg","contentUrl":"https:\/\/nova.detektiv-biro.si\/wp-content\/uploads\/2021\/03\/page-title.jpg","width":1894,"height":441},{"@type":"BreadcrumbList","@id":"https:\/\/nova.detektiv-biro.si\/index.php\/reseni-primeri\/disciplinska-krsitev\/#breadcrumb","itemListElement":[{"@type":"ListItem","position":1,"name":"Home","item":"https:\/\/nova.detektiv-biro.si\/"},{"@type":"ListItem","position":2,"name":"Re\u0161eni primeri_stran","item":"https:\/\/nova.detektiv-biro.si\/?page_id=969"},{"@type":"ListItem","position":3,"name":"Disciplinska kr\u0161itev"}]},{"@type":"WebSite","@id":"https:\/\/nova.detektiv-biro.si\/#website","url":"https:\/\/nova.detektiv-biro.si\/","name":"nova.detektiv-biro.si","description":"Naju\u010dinkovitej\u0161a detektivska agencija","publisher":{"@id":"https:\/\/nova.detektiv-biro.si\/#organization"},"potentialAction":[{"@type":"SearchAction","target":{"@type":"EntryPoint","urlTemplate":"https:\/\/nova.detektiv-biro.si\/?s={search_term_string}"},"query-input":{"@type":"PropertyValueSpecification","valueRequired":true,"valueName":"search_term_string"}}],"inLanguage":"sl-SI"},{"@type":"Organization","@id":"https:\/\/nova.detektiv-biro.si\/#organization","name":"nova.detektiv-biro.si","url":"https:\/\/nova.detektiv-biro.si\/","logo":{"@type":"ImageObject","inLanguage":"sl-SI","@id":"https:\/\/nova.detektiv-biro.si\/#\/schema\/logo\/image\/","url":"https:\/\/nova.detektiv-biro.si\/wp-content\/uploads\/2026\/03\/Detektiv-Biro-_-logo.png","contentUrl":"https:\/\/nova.detektiv-biro.si\/wp-content\/uploads\/2026\/03\/Detektiv-Biro-_-logo.png","width":500,"height":469,"caption":"nova.detektiv-biro.si"},"image":{"@id":"https:\/\/nova.detektiv-biro.si\/#\/schema\/logo\/image\/"}}]}},"_links":{"self":[{"href":"https:\/\/nova.detektiv-biro.si\/index.php\/wp-json\/wp\/v2\/pages\/2682","targetHints":{"allow":["GET"]}}],"collection":[{"href":"https:\/\/nova.detektiv-biro.si\/index.php\/wp-json\/wp\/v2\/pages"}],"about":[{"href":"https:\/\/nova.detektiv-biro.si\/index.php\/wp-json\/wp\/v2\/types\/page"}],"author":[{"embeddable":true,"href":"https:\/\/nova.detektiv-biro.si\/index.php\/wp-json\/wp\/v2\/users\/1"}],"replies":[{"embeddable":true,"href":"https:\/\/nova.detektiv-biro.si\/index.php\/wp-json\/wp\/v2\/comments?post=2682"}],"version-history":[{"count":10,"href":"https:\/\/nova.detektiv-biro.si\/index.php\/wp-json\/wp\/v2\/pages\/2682\/revisions"}],"predecessor-version":[{"id":4005,"href":"https:\/\/nova.detektiv-biro.si\/index.php\/wp-json\/wp\/v2\/pages\/2682\/revisions\/4005"}],"up":[{"embeddable":true,"href":"https:\/\/nova.detektiv-biro.si\/index.php\/wp-json\/wp\/v2\/pages\/969"}],"wp:featuredmedia":[{"embeddable":true,"href":"https:\/\/nova.detektiv-biro.si\/index.php\/wp-json\/wp\/v2\/media\/660"}],"wp:attachment":[{"href":"https:\/\/nova.detektiv-biro.si\/index.php\/wp-json\/wp\/v2\/media?parent=2682"}],"curies":[{"name":"wp","href":"https:\/\/api.w.org\/{rel}","templated":true}]}}