{"id":632,"date":"2021-03-22T06:01:30","date_gmt":"2021-03-22T06:01:30","guid":{"rendered":"https:\/\/inestit.smartdemowp.com\/?page_id=632"},"modified":"2026-04-24T10:27:38","modified_gmt":"2026-04-24T09:27:38","slug":"o-nas","status":"publish","type":"page","link":"https:\/\/nova.detektiv-biro.si\/index.php\/o-nas\/","title":{"rendered":"O nas"},"content":{"rendered":"\t\t<div data-elementor-type=\"wp-page\" data-elementor-id=\"632\" class=\"elementor elementor-632\" data-elementor-post-type=\"page\">\n\t\t\t\t\t\t<section class=\"elementor-section elementor-top-section elementor-element elementor-element-8d4b72a elementor-section-full_width elementor-section-height-default elementor-section-height-default\" data-id=\"8d4b72a\" data-element_type=\"section\" data-e-type=\"section\">\n\t\t\t\t\t\t<div class=\"elementor-container elementor-column-gap-no\">\n\t\t\t\t\t<div class=\"elementor-column elementor-col-100 elementor-top-column elementor-element elementor-element-07bc0c5\" data-id=\"07bc0c5\" data-element_type=\"column\" data-e-type=\"column\">\n\t\t\t<div class=\"elementor-widget-wrap\">\n\t\t\t\t\t\t\t<\/div>\n\t\t<\/div>\n\t\t\t\t\t<\/div>\n\t\t<\/section>\n\t\t\t\t<section class=\"elementor-section elementor-top-section elementor-element elementor-element-982f45f elementor-section-full_width border-bottom elementor-section-height-default elementor-section-height-default\" data-id=\"982f45f\" data-element_type=\"section\" data-e-type=\"section\">\n\t\t\t\t\t\t<div class=\"elementor-container elementor-column-gap-no\">\n\t\t\t\t\t<div class=\"elementor-column elementor-col-100 elementor-top-column elementor-element elementor-element-d4c83b3\" data-id=\"d4c83b3\" data-element_type=\"column\" data-e-type=\"column\">\n\t\t\t<div class=\"elementor-widget-wrap elementor-element-populated\">\n\t\t\t\t\t\t<div class=\"elementor-element elementor-element-3d04f67 elementor-widget-divider--view-line elementor-widget elementor-widget-divider\" data-id=\"3d04f67\" data-element_type=\"widget\" data-e-type=\"widget\" data-widget_type=\"divider.default\">\n\t\t\t\t\t\t\t<div class=\"elementor-divider\">\n\t\t\t<span class=\"elementor-divider-separator\">\n\t\t\t\t\t\t<\/span>\n\t\t<\/div>\n\t\t\t\t\t\t<\/div>\n\t\t\t\t\t<\/div>\n\t\t<\/div>\n\t\t\t\t\t<\/div>\n\t\t<\/section>\n\t\t\t\t<section class=\"elementor-section elementor-top-section elementor-element elementor-element-60af345 elementor-section-full_width elementor-section-height-default elementor-section-height-default\" data-id=\"60af345\" data-element_type=\"section\" data-e-type=\"section\">\n\t\t\t\t\t\t<div class=\"elementor-container elementor-column-gap-no\">\n\t\t\t\t\t<div class=\"elementor-column elementor-col-100 elementor-top-column elementor-element elementor-element-bd72e0c\" data-id=\"bd72e0c\" data-element_type=\"column\" data-e-type=\"column\">\n\t\t\t<div class=\"elementor-widget-wrap elementor-element-populated\">\n\t\t\t\t\t\t<div class=\"elementor-element elementor-element-1cafe28 elementor-widget__width-auto elementor-widget elementor-widget-inestit_call_to_action\" data-id=\"1cafe28\" data-element_type=\"widget\" data-e-type=\"widget\" data-widget_type=\"inestit_call_to_action.default\">\n\t\t\t\t<div class=\"elementor-widget-container\">\n\t\t\t\t\t            <section class=\"cta-section bg-color-3\">\r\n                <div class=\"auto-container\">\r\n                    <div class=\"inner-box clearfix\">\r\n                        <figure class=\"icon-box\">\r\n                            <img decoding=\"async\" width=\"157\" height=\"220\" src=\"https:\/\/nova.detektiv-biro.si\/wp-content\/uploads\/2021\/03\/icon-3.png\" class=\"attachment-full size-full\" alt=\"\" \/>                        <\/figure>\r\n                        <div class=\"text pull-left\">\r\n                            <h3 class=\"cta-title-text\"><p><i><span style=\"color: white;\">Svet je poln o\u010ditnih stvari, ki jih nih\u010de ne opazi. <p><span style=\"color: white;\">Mi jih vidimo \u2014 skupaj, natan\u010dno, nepremagljivo, razkrivamo resnico v vsakem primeru.<span style=\"color: white;\"><p>  <p><span style=\"color: white;\">Team Detektiv Biro<span style=\"color: white;\"><\/h3>\r\n                        <\/div>\r\n                        <div class=\"btn-box pull-right\">\r\n                            <a href=\"https:\/\/nova.detektiv-biro.si\/index.php\/kontakt\/\"  >Kontaktirajte nas<\/a>\r\n                        <\/div>\r\n                    <\/div>\r\n                <\/div>\r\n            <\/section>\r\n        \t\t\t\t<\/div>\n\t\t\t\t<\/div>\n\t\t\t\t<div class=\"elementor-element elementor-element-a8b4574 elementor-widget elementor-widget-inestit_about3\" data-id=\"a8b4574\" data-element_type=\"widget\" data-e-type=\"widget\" data-widget_type=\"inestit_about3.default\">\n\t\t\t\t<div class=\"elementor-widget-container\">\n\t\t\t\t\t        <!-- about-style-three -->\r\n        <section class=\"about-style-three\">\r\n            <div class=\"auto-container\">\r\n                <div class=\"row clearfix\">\r\n                    <div class=\"col-lg-6 col-md-12 col-sm-12 image-column\">\r\n                        <div class=\"image_block_5\">\r\n                            <div class=\"image-box\">\r\n                                <figure class=\"image\"><img fetchpriority=\"high\" decoding=\"async\" width=\"619\" height=\"632\" src=\"https:\/\/nova.detektiv-biro.si\/wp-content\/uploads\/2026\/03\/Detektiv-Biro-It-5.png\" class=\"attachment-full size-full\" alt=\"\" \/>                                <\/figure>\r\n                            <\/div>\r\n                        <\/div>\r\n                    <\/div>\r\n\r\n                    <div class=\"col-lg-6 col-md-12 col-sm-12 content-column\">\r\n                        <div class=\"content_block_8\">\r\n                            <div class=\"content-box\">\r\n                                <div class=\"sec-title\">\r\n                                    <h2>25 let uspe\u0161nega strokovnega detektivskega dela<\/h2>\r\n                                <\/div>\r\n                                <div class=\"text\">\r\n                                    <p>Detektiv Biro d.o.o. \u017ee ve\u010d kot 25 let uspe\u0161no pomaga strankam pri re\u0161evanju zahtevnih osebnih in poslovnih situacij. Na\u0161e delo temelji na zakonitosti, profesionalnem pristopu in popolni diskretnosti. Vsako zadevo obravnavamo individualno ter v skladu z veljavno zakonodajo in varstvom osebnih podatkov. Na\u0161o prednost predstavlja strokovno usposobljena ekipa licenciranih detektivov in podpornega osebja, ki svoje znanje nenehno nadgrajuje. Razpolagamo s sodobno tehni\u010dno opremo, ki omogo\u010da u\u010dinkovito izvajanje nalog. S sodelovanjem s tujimi partnerji zagotavljamo tudi pridobivanje informacij izven Slovenije ter celovito podporo naro\u010dnikom.<\/p>\r\n                                <\/div>\r\n                                <div class=\"inner-box\">\r\n                                    <ul class=\"list-item clearfix\">\r\n                                        <li>100% diskretnost<\/li>\n   <li>ugodne cene<\/li>\n <li>brezpla\u010dno svetovanje<\/li>\n   <li>detektivi z licencami<\/li>\n   <li>individualne obravnave<\/li>                                    <\/ul>\r\n                                    <div class=\"inner\">\r\n                                        <div class=\"icon-box\"><i aria-hidden=\"true\" class=\" flaticon-private-detective\"><\/i><\/div>\r\n                                        <h3>zaupalo nam je \u017ee <span>1546<\/span> strank<\/h3>\r\n                                    <\/div>\r\n                                <\/div>\r\n                            <\/div>\r\n                        <\/div>\r\n                    <\/div>\r\n\r\n\r\n                <\/div>\r\n            <\/div>\r\n        <\/section>\r\n        <!-- about-style-three --> \t\t\t\t<\/div>\n\t\t\t\t<\/div>\n\t\t\t\t<div class=\"elementor-element elementor-element-005bd4b elementor-widget elementor-widget-inestit_video\" data-id=\"005bd4b\" data-element_type=\"widget\" data-e-type=\"widget\" data-widget_type=\"inestit_video.default\">\n\t\t\t\t<div class=\"elementor-widget-container\">\n\t\t\t\t\t        <!-- video-section -->\r\n             \r\n        <!-- video-section -->\r\n        <section class=\"video-section alternat-2 centred about-page\" style=\"background-image: url(https:\/\/nova.detektiv-biro.si\/wp-content\/uploads\/2021\/03\/video-1.jpg);\">\r\n            <div class=\"auto-container\">\r\n                <div class=\"inner-box\">\r\n                    <div class=\"video-btn\">\r\n                    <a href=\"https:\/\/365.rtvslo.si\/arhiv\/zgoraj-brez\/174493800\"   class=\"lightbox-image video-btn\" data-caption=\"\">\r\n                            <svg aria-hidden=\"true\" class=\"e-font-icon-svg e-fas-play\" viewBox=\"0 0 448 512\" xmlns=\"http:\/\/www.w3.org\/2000\/svg\"><path d=\"M424.4 214.7L72.4 6.6C43.8-10.3 0 6.1 0 47.9V464c0 37.5 40.7 60.1 72.4 41.3l352-208c31.4-18.5 31.5-64.1 0-82.6z\"><\/path><\/svg>                            <span class=\"border-animation border-1\"><\/span>\r\n                            <span class=\"border-animation border-2\"><\/span>\r\n                            <span class=\"border-animation border-3\"><\/span>\r\n                        <\/a>\r\n                    <\/div>\r\n                    <div class=\"text\">\r\n                         <h2>Ker previdnost ni nikoli odve\u010d<\/h2>\r\n                    <\/div>\r\n                <\/div>\r\n            <\/div>\r\n        <\/section>\r\n        <!-- video-section end -->\r\n        \r\n        \t\t\t\t<\/div>\n\t\t\t\t<\/div>\n\t\t\t\t\t<\/div>\n\t\t<\/div>\n\t\t\t\t\t<\/div>\n\t\t<\/section>\n\t\t\t\t<section class=\"elementor-section elementor-top-section elementor-element elementor-element-b3cae91 elementor-section-full_width elementor-section-height-default elementor-section-height-default\" data-id=\"b3cae91\" data-element_type=\"section\" data-e-type=\"section\">\n\t\t\t\t\t\t<div class=\"elementor-container elementor-column-gap-no\">\n\t\t\t\t\t<div class=\"elementor-column elementor-col-100 elementor-top-column elementor-element elementor-element-d79dccf\" data-id=\"d79dccf\" data-element_type=\"column\" data-e-type=\"column\">\n\t\t\t<div class=\"elementor-widget-wrap elementor-element-populated\">\n\t\t\t\t\t\t<div class=\"elementor-element elementor-element-f75eb98 elementor-widget-divider--view-line elementor-widget elementor-widget-divider\" data-id=\"f75eb98\" data-element_type=\"widget\" data-e-type=\"widget\" data-widget_type=\"divider.default\">\n\t\t\t\t\t\t\t<div class=\"elementor-divider\">\n\t\t\t<span class=\"elementor-divider-separator\">\n\t\t\t\t\t\t<\/span>\n\t\t<\/div>\n\t\t\t\t\t\t<\/div>\n\t\t\t\t\t<\/div>\n\t\t<\/div>\n\t\t\t\t\t<\/div>\n\t\t<\/section>\n\t\t\t\t<\/div>\n\t\t","protected":false},"excerpt":{"rendered":"<p>Svet je poln o\u010ditnih stvari, ki jih nih\u010de ne opazi. Mi jih vidimo \u2014 skupaj, natan\u010dno, nepremagljivo, razkrivamo resnico v vsakem primeru. Team Detektiv Biro Kontaktirajte nas 25 let uspe\u0161nega strokovnega detektivskega dela Detektiv Biro d.o.o. \u017ee ve\u010d kot 25 let uspe\u0161no pomaga strankam pri re\u0161evanju zahtevnih osebnih in poslovnih situacij. Na\u0161e delo temelji na [&hellip;]<\/p>\n","protected":false},"author":1,"featured_media":660,"parent":0,"menu_order":0,"comment_status":"closed","ping_status":"closed","template":"elementor_header_footer","meta":{"footnotes":""},"class_list":["post-632","page","type-page","status-publish","has-post-thumbnail","hentry"],"yoast_head":"<!-- This site is optimized with the Yoast SEO Premium plugin v27.1 (Yoast SEO v27.1.1) - https:\/\/yoast.com\/product\/yoast-seo-premium-wordpress\/ -->\r\n<title>O nas - nova.detektiv-biro.si<\/title>\r\n<meta name=\"description\" content=\"O nas, preprosto pridobivanje informacij, verodostojnih, preverljivih in zakonitih. Diskretnost zagotovljena.\" \/>\r\n<meta name=\"robots\" content=\"index, follow, max-snippet:-1, max-image-preview:large, max-video-preview:-1\" \/>\r\n<link rel=\"canonical\" href=\"https:\/\/nova.detektiv-biro.si\/index.php\/o-nas\/\" \/>\r\n<meta property=\"og:locale\" content=\"sl_SI\" \/>\r\n<meta property=\"og:type\" content=\"article\" \/>\r\n<meta property=\"og:title\" content=\"O nas\" \/>\r\n<meta property=\"og:description\" content=\"O nas, preprosto pridobivanje informacij, verodostojnih, preverljivih in zakonitih. Diskretnost zagotovljena.\" \/>\r\n<meta property=\"og:url\" content=\"https:\/\/nova.detektiv-biro.si\/index.php\/o-nas\/\" \/>\r\n<meta property=\"og:site_name\" content=\"nova.detektiv-biro.si\" \/>\r\n<meta property=\"article:modified_time\" content=\"2026-04-24T09:27:38+00:00\" \/>\r\n<meta property=\"og:image\" content=\"https:\/\/nova.detektiv-biro.si\/wp-content\/uploads\/2021\/03\/page-title.jpg\" \/>\r\n\t<meta property=\"og:image:width\" content=\"1894\" \/>\r\n\t<meta property=\"og:image:height\" content=\"441\" \/>\r\n\t<meta property=\"og:image:type\" content=\"image\/jpeg\" \/>\r\n<meta name=\"twitter:card\" content=\"summary_large_image\" \/>\r\n<meta name=\"twitter:label1\" content=\"Est. reading time\" \/>\n\t<meta name=\"twitter:data1\" content=\"2 minuti\" \/>\r\n<script type=\"application\/ld+json\" class=\"yoast-schema-graph\">{\"@context\":\"https:\/\/schema.org\",\"@graph\":[{\"@type\":\"WebPage\",\"@id\":\"https:\/\/nova.detektiv-biro.si\/index.php\/o-nas\/\",\"url\":\"https:\/\/nova.detektiv-biro.si\/index.php\/o-nas\/\",\"name\":\"O nas - nova.detektiv-biro.si\",\"isPartOf\":{\"@id\":\"https:\/\/nova.detektiv-biro.si\/#website\"},\"primaryImageOfPage\":{\"@id\":\"https:\/\/nova.detektiv-biro.si\/index.php\/o-nas\/#primaryimage\"},\"image\":{\"@id\":\"https:\/\/nova.detektiv-biro.si\/index.php\/o-nas\/#primaryimage\"},\"thumbnailUrl\":\"https:\/\/nova.detektiv-biro.si\/wp-content\/uploads\/2021\/03\/page-title.jpg\",\"datePublished\":\"2021-03-22T06:01:30+00:00\",\"dateModified\":\"2026-04-24T09:27:38+00:00\",\"description\":\"O nas, preprosto pridobivanje informacij, verodostojnih, preverljivih in zakonitih. Diskretnost zagotovljena.\",\"breadcrumb\":{\"@id\":\"https:\/\/nova.detektiv-biro.si\/index.php\/o-nas\/#breadcrumb\"},\"inLanguage\":\"sl-SI\",\"potentialAction\":[{\"@type\":\"ReadAction\",\"target\":[\"https:\/\/nova.detektiv-biro.si\/index.php\/o-nas\/\"]}]},{\"@type\":\"ImageObject\",\"inLanguage\":\"sl-SI\",\"@id\":\"https:\/\/nova.detektiv-biro.si\/index.php\/o-nas\/#primaryimage\",\"url\":\"https:\/\/nova.detektiv-biro.si\/wp-content\/uploads\/2021\/03\/page-title.jpg\",\"contentUrl\":\"https:\/\/nova.detektiv-biro.si\/wp-content\/uploads\/2021\/03\/page-title.jpg\",\"width\":1894,\"height\":441},{\"@type\":\"BreadcrumbList\",\"@id\":\"https:\/\/nova.detektiv-biro.si\/index.php\/o-nas\/#breadcrumb\",\"itemListElement\":[{\"@type\":\"ListItem\",\"position\":1,\"name\":\"Home\",\"item\":\"https:\/\/nova.detektiv-biro.si\/\"},{\"@type\":\"ListItem\",\"position\":2,\"name\":\"O nas\"}]},{\"@type\":\"WebSite\",\"@id\":\"https:\/\/nova.detektiv-biro.si\/#website\",\"url\":\"https:\/\/nova.detektiv-biro.si\/\",\"name\":\"nova.detektiv-biro.si\",\"description\":\"Naju\u010dinkovitej\u0161a detektivska agencija\",\"publisher\":{\"@id\":\"https:\/\/nova.detektiv-biro.si\/#organization\"},\"potentialAction\":[{\"@type\":\"SearchAction\",\"target\":{\"@type\":\"EntryPoint\",\"urlTemplate\":\"https:\/\/nova.detektiv-biro.si\/?s={search_term_string}\"},\"query-input\":{\"@type\":\"PropertyValueSpecification\",\"valueRequired\":true,\"valueName\":\"search_term_string\"}}],\"inLanguage\":\"sl-SI\"},{\"@type\":\"Organization\",\"@id\":\"https:\/\/nova.detektiv-biro.si\/#organization\",\"name\":\"nova.detektiv-biro.si\",\"url\":\"https:\/\/nova.detektiv-biro.si\/\",\"logo\":{\"@type\":\"ImageObject\",\"inLanguage\":\"sl-SI\",\"@id\":\"https:\/\/nova.detektiv-biro.si\/#\/schema\/logo\/image\/\",\"url\":\"https:\/\/nova.detektiv-biro.si\/wp-content\/uploads\/2026\/03\/Detektiv-Biro-_-logo.png\",\"contentUrl\":\"https:\/\/nova.detektiv-biro.si\/wp-content\/uploads\/2026\/03\/Detektiv-Biro-_-logo.png\",\"width\":500,\"height\":469,\"caption\":\"nova.detektiv-biro.si\"},\"image\":{\"@id\":\"https:\/\/nova.detektiv-biro.si\/#\/schema\/logo\/image\/\"}}]}<\/script>\r\n<!-- \/ Yoast SEO Premium plugin. -->","yoast_head_json":{"title":"O nas - nova.detektiv-biro.si","description":"O nas, preprosto pridobivanje informacij, verodostojnih, preverljivih in zakonitih. Diskretnost zagotovljena.","robots":{"index":"index","follow":"follow","max-snippet":"max-snippet:-1","max-image-preview":"max-image-preview:large","max-video-preview":"max-video-preview:-1"},"canonical":"https:\/\/nova.detektiv-biro.si\/index.php\/o-nas\/","og_locale":"sl_SI","og_type":"article","og_title":"O nas","og_description":"O nas, preprosto pridobivanje informacij, verodostojnih, preverljivih in zakonitih. Diskretnost zagotovljena.","og_url":"https:\/\/nova.detektiv-biro.si\/index.php\/o-nas\/","og_site_name":"nova.detektiv-biro.si","article_modified_time":"2026-04-24T09:27:38+00:00","og_image":[{"width":1894,"height":441,"url":"https:\/\/nova.detektiv-biro.si\/wp-content\/uploads\/2021\/03\/page-title.jpg","type":"image\/jpeg"}],"twitter_card":"summary_large_image","twitter_misc":{"Est. reading time":"2 minuti"},"schema":{"@context":"https:\/\/schema.org","@graph":[{"@type":"WebPage","@id":"https:\/\/nova.detektiv-biro.si\/index.php\/o-nas\/","url":"https:\/\/nova.detektiv-biro.si\/index.php\/o-nas\/","name":"O nas - nova.detektiv-biro.si","isPartOf":{"@id":"https:\/\/nova.detektiv-biro.si\/#website"},"primaryImageOfPage":{"@id":"https:\/\/nova.detektiv-biro.si\/index.php\/o-nas\/#primaryimage"},"image":{"@id":"https:\/\/nova.detektiv-biro.si\/index.php\/o-nas\/#primaryimage"},"thumbnailUrl":"https:\/\/nova.detektiv-biro.si\/wp-content\/uploads\/2021\/03\/page-title.jpg","datePublished":"2021-03-22T06:01:30+00:00","dateModified":"2026-04-24T09:27:38+00:00","description":"O nas, preprosto pridobivanje informacij, verodostojnih, preverljivih in zakonitih. Diskretnost zagotovljena.","breadcrumb":{"@id":"https:\/\/nova.detektiv-biro.si\/index.php\/o-nas\/#breadcrumb"},"inLanguage":"sl-SI","potentialAction":[{"@type":"ReadAction","target":["https:\/\/nova.detektiv-biro.si\/index.php\/o-nas\/"]}]},{"@type":"ImageObject","inLanguage":"sl-SI","@id":"https:\/\/nova.detektiv-biro.si\/index.php\/o-nas\/#primaryimage","url":"https:\/\/nova.detektiv-biro.si\/wp-content\/uploads\/2021\/03\/page-title.jpg","contentUrl":"https:\/\/nova.detektiv-biro.si\/wp-content\/uploads\/2021\/03\/page-title.jpg","width":1894,"height":441},{"@type":"BreadcrumbList","@id":"https:\/\/nova.detektiv-biro.si\/index.php\/o-nas\/#breadcrumb","itemListElement":[{"@type":"ListItem","position":1,"name":"Home","item":"https:\/\/nova.detektiv-biro.si\/"},{"@type":"ListItem","position":2,"name":"O nas"}]},{"@type":"WebSite","@id":"https:\/\/nova.detektiv-biro.si\/#website","url":"https:\/\/nova.detektiv-biro.si\/","name":"nova.detektiv-biro.si","description":"Naju\u010dinkovitej\u0161a detektivska agencija","publisher":{"@id":"https:\/\/nova.detektiv-biro.si\/#organization"},"potentialAction":[{"@type":"SearchAction","target":{"@type":"EntryPoint","urlTemplate":"https:\/\/nova.detektiv-biro.si\/?s={search_term_string}"},"query-input":{"@type":"PropertyValueSpecification","valueRequired":true,"valueName":"search_term_string"}}],"inLanguage":"sl-SI"},{"@type":"Organization","@id":"https:\/\/nova.detektiv-biro.si\/#organization","name":"nova.detektiv-biro.si","url":"https:\/\/nova.detektiv-biro.si\/","logo":{"@type":"ImageObject","inLanguage":"sl-SI","@id":"https:\/\/nova.detektiv-biro.si\/#\/schema\/logo\/image\/","url":"https:\/\/nova.detektiv-biro.si\/wp-content\/uploads\/2026\/03\/Detektiv-Biro-_-logo.png","contentUrl":"https:\/\/nova.detektiv-biro.si\/wp-content\/uploads\/2026\/03\/Detektiv-Biro-_-logo.png","width":500,"height":469,"caption":"nova.detektiv-biro.si"},"image":{"@id":"https:\/\/nova.detektiv-biro.si\/#\/schema\/logo\/image\/"}}]}},"_links":{"self":[{"href":"https:\/\/nova.detektiv-biro.si\/index.php\/wp-json\/wp\/v2\/pages\/632","targetHints":{"allow":["GET"]}}],"collection":[{"href":"https:\/\/nova.detektiv-biro.si\/index.php\/wp-json\/wp\/v2\/pages"}],"about":[{"href":"https:\/\/nova.detektiv-biro.si\/index.php\/wp-json\/wp\/v2\/types\/page"}],"author":[{"embeddable":true,"href":"https:\/\/nova.detektiv-biro.si\/index.php\/wp-json\/wp\/v2\/users\/1"}],"replies":[{"embeddable":true,"href":"https:\/\/nova.detektiv-biro.si\/index.php\/wp-json\/wp\/v2\/comments?post=632"}],"version-history":[{"count":109,"href":"https:\/\/nova.detektiv-biro.si\/index.php\/wp-json\/wp\/v2\/pages\/632\/revisions"}],"predecessor-version":[{"id":3968,"href":"https:\/\/nova.detektiv-biro.si\/index.php\/wp-json\/wp\/v2\/pages\/632\/revisions\/3968"}],"wp:featuredmedia":[{"embeddable":true,"href":"https:\/\/nova.detektiv-biro.si\/index.php\/wp-json\/wp\/v2\/media\/660"}],"wp:attachment":[{"href":"https:\/\/nova.detektiv-biro.si\/index.php\/wp-json\/wp\/v2\/media?parent=632"}],"curies":[{"name":"wp","href":"https:\/\/api.w.org\/{rel}","templated":true}]}}